{"id":3727,"date":"2024-12-06T02:20:08","date_gmt":"2024-12-06T01:20:08","guid":{"rendered":"https:\/\/asismarka.com\/exxis\/?page_id=3727"},"modified":"2025-08-14T19:04:48","modified_gmt":"2025-08-14T17:04:48","slug":"politica-calidad","status":"publish","type":"page","link":"https:\/\/aws-server.site\/exxis\/politica-calidad\/","title":{"rendered":"Pol\u00edtica de calidad"},"content":{"rendered":"\t\t<div data-elementor-type=\"wp-page\" data-elementor-id=\"3727\" class=\"elementor elementor-3727\" data-elementor-post-type=\"page\">\n\t\t\t\t<div data-particle_enable=\"false\" data-particle-mobile-disabled=\"false\" class=\"elementor-element elementor-element-1d75e1b e-flex e-con-boxed e-con e-parent\" data-id=\"1d75e1b\" data-element_type=\"container\" data-e-type=\"container\">\n\t\t\t\t\t<div class=\"e-con-inner\">\n\t\t<div data-particle_enable=\"false\" data-particle-mobile-disabled=\"false\" class=\"elementor-element elementor-element-9a41fed e-con-full e-flex e-con e-child\" data-id=\"9a41fed\" data-element_type=\"container\" data-e-type=\"container\">\n\t\t<div data-particle_enable=\"false\" data-particle-mobile-disabled=\"false\" class=\"elementor-element elementor-element-843bcfd e-con-full e-flex e-con e-child\" data-id=\"843bcfd\" data-element_type=\"container\" data-e-type=\"container\" data-settings=\"{&quot;background_background&quot;:&quot;classic&quot;}\">\n\t\t\t\t<div class=\"elementor-element elementor-element-1f2b580 elementor-widget elementor-widget-text-editor\" data-id=\"1f2b580\" data-element_type=\"widget\" data-e-type=\"widget\" data-widget_type=\"text-editor.default\">\n\t\t\t\t<div class=\"elementor-widget-container\">\n\t\t\t\t\t\t\t\t\t<h1 style=\"text-align: center;\"><span style=\"color: #ffffff;\"><a class=\"elementor-item elementor-item-anchor menu-link\" style=\"color: #ffffff;\" href=\"https:\/\/aws-server.site\/exxis\/\/sobre-exxis\/?preview_id=2008&amp;preview_nonce=5e56c5fe83&amp;preview=true#\">Pol\u00edtica de calidad de Exxis Group<\/a><\/span><\/h1>\t\t\t\t\t\t\t\t<\/div>\n\t\t\t\t<\/div>\n\t\t\t\t<div class=\"elementor-element elementor-element-eb497ce e-transform elementor-widget-divider--view-line elementor-widget elementor-widget-divider\" data-id=\"eb497ce\" data-element_type=\"widget\" data-e-type=\"widget\" data-settings=\"{&quot;_transform_rotateZ_effect&quot;:{&quot;unit&quot;:&quot;px&quot;,&quot;size&quot;:-90,&quot;sizes&quot;:[]},&quot;_transform_rotateZ_effect_tablet&quot;:{&quot;unit&quot;:&quot;deg&quot;,&quot;size&quot;:&quot;&quot;,&quot;sizes&quot;:[]},&quot;_transform_rotateZ_effect_mobile&quot;:{&quot;unit&quot;:&quot;deg&quot;,&quot;size&quot;:&quot;&quot;,&quot;sizes&quot;:[]}}\" data-widget_type=\"divider.default\">\n\t\t\t\t<div class=\"elementor-widget-container\">\n\t\t\t\t\t\t\t<div class=\"elementor-divider\">\n\t\t\t<span class=\"elementor-divider-separator\">\n\t\t\t\t\t\t<\/span>\n\t\t<\/div>\n\t\t\t\t\t\t<\/div>\n\t\t\t\t<\/div>\n\t\t\t\t<\/div>\n\t\t\t\t<\/div>\n\t\t\t\t\t<\/div>\n\t\t\t\t<\/div>\n\t\t<div data-particle_enable=\"false\" data-particle-mobile-disabled=\"false\" class=\"elementor-element elementor-element-530ef32 e-flex e-con-boxed e-con e-parent\" data-id=\"530ef32\" data-element_type=\"container\" data-e-type=\"container\">\n\t\t\t\t\t<div class=\"e-con-inner\">\n\t\t\t\t<div class=\"elementor-element elementor-element-c70957c elementor-widget elementor-widget-text-editor\" data-id=\"c70957c\" data-element_type=\"widget\" data-e-type=\"widget\" data-widget_type=\"text-editor.default\">\n\t\t\t\t<div class=\"elementor-widget-container\">\n\t\t\t\t\t\t\t\t\t<div class=\"fusion-layout-column fusion_builder_column fusion-builder-column-5 fusion_builder_column_1_1 1_1 fusion-flex-column fusion-animated\" data-animationtype=\"fadeInLeft\" data-animationduration=\"1.2\" data-animationoffset=\"top-into-view\">\n<div class=\"fusion-column-wrapper fusion-column-has-shadow fusion-flex-justify-content-flex-start fusion-content-layout-column\">\n<div class=\"fusion-text fusion-text-1\">\n<p><b>Exxis<\/b> es una sociedad chilena fundada en 1989, dedicada a proporcionar servicios de software especializados en la implementaci\u00f3n de soluciones ERP SAP Business One, desarrollo de funcionalidades adicionales, programaci\u00f3n y soporte a clientes.<\/p><p><br><\/p>\n<p>Nuestro objetivo es ofrecer a nuestros clientes una experiencia integral y asesor\u00eda experta para garantizar el \u00e9xito en cada proyecto. A lo largo de nuestra trayectoria, hemos adaptado diversas soluciones para una amplia gama de usuarios tanto en Chile como en el extranjero. Actualmente, contamos con presencia en 7 pa\u00edses.<\/p>\n<p><br><\/p><p>Nuestro equipo est\u00e1 compuesto por un grupo de profesionales altamente calificados de diversas \u00e1reas empresariales, comprometidos con entregar beneficios operacionales y de gesti\u00f3n a las compa\u00f1\u00edas mediante la implementaci\u00f3n de soluciones ERP SAP Business One.<\/p><p><br><\/p>\n<p>Como Partner de SAP Business One, ofrecemos servicios de alta tecnolog\u00eda en la implementaci\u00f3n, desarrollo, programaci\u00f3n y soporte de soluciones ERP, asegurando que nuestros clientes reciban la asesor\u00eda y el respaldo necesario para el \u00e9xito de sus proyectos en toda Latinoam\u00e9rica.<\/p>\n<p><span style=\"font-size: 1rem;\">&nbsp;<\/span><\/p>\n<\/div>\n<\/div>\n<\/div>\t\t\t\t\t\t\t\t<\/div>\n\t\t\t\t<\/div>\n\t\t\t\t<div class=\"elementor-element elementor-element-4147b9f elementor-widget elementor-widget-text-editor\" data-id=\"4147b9f\" data-element_type=\"widget\" data-e-type=\"widget\" data-widget_type=\"text-editor.default\">\n\t\t\t\t<div class=\"elementor-widget-container\">\n\t\t\t\t\t\t\t\t\t<div class=\"fusion-layout-column fusion_builder_column fusion-builder-column-5 fusion_builder_column_1_1 1_1 fusion-flex-column fusion-animated\" data-animationtype=\"fadeInLeft\" data-animationduration=\"1.2\" data-animationoffset=\"top-into-view\"><div class=\"fusion-column-wrapper fusion-column-has-shadow fusion-flex-justify-content-flex-start fusion-content-layout-column\"><div class=\"fusion-text fusion-text-1\"><p>Por ello, apostamos por el desarrollo de un sistema de gesti\u00f3n de la calidad, con los siguientes principios:<\/p><\/div><\/div><\/div><div class=\"fusion-layout-column fusion_builder_column fusion-builder-column-6 fusion_builder_column_1_1 1_1 fusion-flex-column fusion-animated\" data-animationtype=\"fadeInLeft\" data-animationduration=\"1.2\" data-animationoffset=\"top-into-view\">\u00a0<\/div><ul class=\"fusion-checklist fusion-checklist-3 fusion-checklist-default type-icons\"><li class=\"fusion-li-item\"><div class=\"fusion-li-item-content\">Ofrecer un software adaptado a las necesidades de los clientes.<\/div><\/li><li class=\"fusion-li-item\"><div class=\"fusion-li-item-content\"><span style=\"font-size: 16px;\">Mantener una filosof\u00eda de creatividad e innovaci\u00f3n y trabajar en la mejora continua.<\/span><\/div><\/li><li class=\"fusion-li-item\"><div class=\"fusion-li-item-content\"><span style=\"font-size: 16px;\">Trabajar con un sistema de gesti\u00f3n de calidad que establece nuestra forma de actuar en cuanto a la calidad de nuestro servicio, fijando objetivos y metas que ayuden a mejorar, y dotando de los medios humanos y econ\u00f3micos a nuestro alcance para conseguirlos.<\/span><\/div><\/li><li class=\"fusion-li-item\"><div class=\"fusion-li-item-content\"><span style=\"font-size: 16px;\">Revisar peri\u00f3dicamente este sistema de gesti\u00f3n con el fin de garantizar su eficacia y mejora continua.<\/span><\/div><\/li><li class=\"fusion-li-item\"><div class=\"fusion-li-item-content\"><span style=\"font-size: 16px;\">Cumplir con todos los requisitos legales y otros tipos que sean aplicables y aquellos que suscribamos voluntariamente.<\/span><\/div><\/li><li class=\"fusion-li-item\"><div class=\"fusion-li-item-content\"><span style=\"font-size: 16px;\">Proporcionar un entorno estimulante y agradable que facilite un trabajo de calidad de nuestro personal, con un esp\u00edritu de trabajo en equipo y de servicio al cliente.<\/span><\/div><\/li><li class=\"fusion-li-item\"><div class=\"fusion-li-item-content\"><span style=\"font-size: 16px;\">Fomentar la formaci\u00f3n de nuestro equipo t\u00e9cnico.<\/span><\/div><\/li><li class=\"fusion-li-item\"><div class=\"fusion-li-item-content\">Mantener una buena relaci\u00f3n con nuestros proveedores.<\/div><\/li><\/ul>\t\t\t\t\t\t\t\t<\/div>\n\t\t\t\t<\/div>\n\t\t\t\t\t<\/div>\n\t\t\t\t<\/div>\n\t\t<div data-particle_enable=\"false\" data-particle-mobile-disabled=\"false\" class=\"elementor-element elementor-element-a91b962 e-flex e-con-boxed e-con e-parent\" data-id=\"a91b962\" data-element_type=\"container\" data-e-type=\"container\">\n\t\t\t\t\t<div class=\"e-con-inner\">\n\t\t\t\t<div class=\"elementor-element elementor-element-43ff4c1 elementor-widget elementor-widget-spacer\" data-id=\"43ff4c1\" data-element_type=\"widget\" data-e-type=\"widget\" data-widget_type=\"spacer.default\">\n\t\t\t\t<div class=\"elementor-widget-container\">\n\t\t\t\t\t\t\t<div class=\"elementor-spacer\">\n\t\t\t<div class=\"elementor-spacer-inner\"><\/div>\n\t\t<\/div>\n\t\t\t\t\t\t<\/div>\n\t\t\t\t<\/div>\n\t\t\t\t\t<\/div>\n\t\t\t\t<\/div>\n\t\t\t\t<\/div>\n\t\t","protected":false},"excerpt":{"rendered":"<p>Pol\u00edtica de calidad de Exxis Group Exxis es una sociedad chilena fundada en 1989, dedicada a proporcionar servicios de software especializados en la implementaci\u00f3n de soluciones ERP SAP Business One, desarrollo de funcionalidades adicionales, programaci\u00f3n y soporte a clientes. &nbsp; Nuestro objetivo es ofrecer a nuestros clientes una experiencia integral y asesor\u00eda experta para garantizar [&hellip;]<\/p>\n","protected":false},"author":1,"featured_media":0,"parent":0,"menu_order":0,"comment_status":"closed","ping_status":"closed","template":"","meta":{"site-sidebar-layout":"no-sidebar","site-content-layout":"page-builder","ast-site-content-layout":"full-width-container","site-content-style":"default","site-sidebar-style":"default","ast-global-header-display":"","ast-banner-title-visibility":"","ast-main-header-display":"","ast-hfb-above-header-display":"","ast-hfb-below-header-display":"","ast-hfb-mobile-header-display":"","site-post-title":"disabled","ast-breadcrumbs-content":"","ast-featured-img":"disabled","footer-sml-layout":"","ast-disable-related-posts":"","theme-transparent-header-meta":"default","adv-header-id-meta":"","stick-header-meta":"","header-above-stick-meta":"","header-main-stick-meta":"","header-below-stick-meta":"","astra-migrate-meta-layouts":"set","ast-page-background-enabled":"default","ast-page-background-meta":{"desktop":{"background-color":"var(--ast-global-color-5)","background-image":"","background-repeat":"repeat","background-position":"center center","background-size":"auto","background-attachment":"scroll","background-type":"","background-media":"","overlay-type":"","overlay-color":"","overlay-opacity":"","overlay-gradient":""},"tablet":{"background-color":"","background-image":"","background-repeat":"repeat","background-position":"center center","background-size":"auto","background-attachment":"scroll","background-type":"","background-media":"","overlay-type":"","overlay-color":"","overlay-opacity":"","overlay-gradient":""},"mobile":{"background-color":"","background-image":"","background-repeat":"repeat","background-position":"center center","background-size":"auto","background-attachment":"scroll","background-type":"","background-media":"","overlay-type":"","overlay-color":"","overlay-opacity":"","overlay-gradient":""}},"ast-content-background-meta":{"desktop":{"background-color":"var(--ast-global-color-4)","background-image":"","background-repeat":"repeat","background-position":"center center","background-size":"auto","background-attachment":"scroll","background-type":"","background-media":"","overlay-type":"","overlay-color":"","overlay-opacity":"","overlay-gradient":""},"tablet":{"background-color":"var(--ast-global-color-4)","background-image":"","background-repeat":"repeat","background-position":"center center","background-size":"auto","background-attachment":"scroll","background-type":"","background-media":"","overlay-type":"","overlay-color":"","overlay-opacity":"","overlay-gradient":""},"mobile":{"background-color":"var(--ast-global-color-4)","background-image":"","background-repeat":"repeat","background-position":"center center","background-size":"auto","background-attachment":"scroll","background-type":"","background-media":"","overlay-type":"","overlay-color":"","overlay-opacity":"","overlay-gradient":""}},"footnotes":""},"class_list":["post-3727","page","type-page","status-publish","hentry"],"_links":{"self":[{"href":"https:\/\/aws-server.site\/exxis\/wp-json\/wp\/v2\/pages\/3727","targetHints":{"allow":["GET"]}}],"collection":[{"href":"https:\/\/aws-server.site\/exxis\/wp-json\/wp\/v2\/pages"}],"about":[{"href":"https:\/\/aws-server.site\/exxis\/wp-json\/wp\/v2\/types\/page"}],"author":[{"embeddable":true,"href":"https:\/\/aws-server.site\/exxis\/wp-json\/wp\/v2\/users\/1"}],"replies":[{"embeddable":true,"href":"https:\/\/aws-server.site\/exxis\/wp-json\/wp\/v2\/comments?post=3727"}],"version-history":[{"count":26,"href":"https:\/\/aws-server.site\/exxis\/wp-json\/wp\/v2\/pages\/3727\/revisions"}],"predecessor-version":[{"id":5420,"href":"https:\/\/aws-server.site\/exxis\/wp-json\/wp\/v2\/pages\/3727\/revisions\/5420"}],"wp:attachment":[{"href":"https:\/\/aws-server.site\/exxis\/wp-json\/wp\/v2\/media?parent=3727"}],"curies":[{"name":"wp","href":"https:\/\/api.w.org\/{rel}","templated":true}]}}