{"id":3709,"date":"2024-12-06T02:12:55","date_gmt":"2024-12-06T01:12:55","guid":{"rendered":"https:\/\/asismarka.com\/exxis\/?page_id=3709"},"modified":"2025-08-14T19:09:39","modified_gmt":"2025-08-14T17:09:39","slug":"politica-privacidad","status":"publish","type":"page","link":"https:\/\/aws-server.site\/exxis\/politica-privacidad\/","title":{"rendered":"Pol\u00edtica de privacidad"},"content":{"rendered":"\t\t<div data-elementor-type=\"wp-page\" data-elementor-id=\"3709\" class=\"elementor elementor-3709\" data-elementor-post-type=\"page\">\n\t\t\t\t<div data-particle_enable=\"false\" data-particle-mobile-disabled=\"false\" class=\"elementor-element elementor-element-1d75e1b e-flex e-con-boxed e-con e-parent\" data-id=\"1d75e1b\" data-element_type=\"container\" data-e-type=\"container\">\n\t\t\t\t\t<div class=\"e-con-inner\">\n\t\t<div data-particle_enable=\"false\" data-particle-mobile-disabled=\"false\" class=\"elementor-element elementor-element-9a41fed e-con-full e-flex e-con e-child\" data-id=\"9a41fed\" data-element_type=\"container\" data-e-type=\"container\">\n\t\t<div data-particle_enable=\"false\" data-particle-mobile-disabled=\"false\" class=\"elementor-element elementor-element-843bcfd e-con-full e-flex e-con e-child\" data-id=\"843bcfd\" data-element_type=\"container\" data-e-type=\"container\" data-settings=\"{&quot;background_background&quot;:&quot;classic&quot;}\">\n\t\t\t\t<div class=\"elementor-element elementor-element-1f2b580 elementor-widget elementor-widget-text-editor\" data-id=\"1f2b580\" data-element_type=\"widget\" data-e-type=\"widget\" data-widget_type=\"text-editor.default\">\n\t\t\t\t<div class=\"elementor-widget-container\">\n\t\t\t\t\t\t\t\t\t<h1 style=\"text-align: center;\"><span style=\"color: #ffffff;\">Pol\u00edtica de Privacidad de Exxis Group<\/span><\/h1>\t\t\t\t\t\t\t\t<\/div>\n\t\t\t\t<\/div>\n\t\t\t\t<div class=\"elementor-element elementor-element-eb497ce e-transform elementor-widget-divider--view-line elementor-widget elementor-widget-divider\" data-id=\"eb497ce\" data-element_type=\"widget\" data-e-type=\"widget\" data-settings=\"{&quot;_transform_rotateZ_effect&quot;:{&quot;unit&quot;:&quot;px&quot;,&quot;size&quot;:-90,&quot;sizes&quot;:[]},&quot;_transform_rotateZ_effect_tablet&quot;:{&quot;unit&quot;:&quot;deg&quot;,&quot;size&quot;:&quot;&quot;,&quot;sizes&quot;:[]},&quot;_transform_rotateZ_effect_mobile&quot;:{&quot;unit&quot;:&quot;deg&quot;,&quot;size&quot;:&quot;&quot;,&quot;sizes&quot;:[]}}\" data-widget_type=\"divider.default\">\n\t\t\t\t<div class=\"elementor-widget-container\">\n\t\t\t\t\t\t\t<div class=\"elementor-divider\">\n\t\t\t<span class=\"elementor-divider-separator\">\n\t\t\t\t\t\t<\/span>\n\t\t<\/div>\n\t\t\t\t\t\t<\/div>\n\t\t\t\t<\/div>\n\t\t\t\t<\/div>\n\t\t\t\t<\/div>\n\t\t\t\t\t<\/div>\n\t\t\t\t<\/div>\n\t\t<div data-particle_enable=\"false\" data-particle-mobile-disabled=\"false\" class=\"elementor-element elementor-element-530ef32 e-flex e-con-boxed e-con e-parent\" data-id=\"530ef32\" data-element_type=\"container\" data-e-type=\"container\">\n\t\t\t\t\t<div class=\"e-con-inner\">\n\t\t\t\t<div class=\"elementor-element elementor-element-c70957c elementor-widget elementor-widget-text-editor\" data-id=\"c70957c\" data-element_type=\"widget\" data-e-type=\"widget\" data-widget_type=\"text-editor.default\">\n\t\t\t\t<div class=\"elementor-widget-container\">\n\t\t\t\t\t\t\t\t\t<p>En Exxis Group recopilamos datos necesarios para brindar una experiencia de contacto, cotizaci\u00f3n y compra fluida y de calidad. Sus datos personales cuentan con el respaldo de nuestras medidas t\u00e9cnicas y de seguridad para evitar el acceso no autorizado o ilegal o la p\u00e9rdida accidental, destrucci\u00f3n u ocurrencia de da\u00f1os a su informaci\u00f3n. Cuando se solicitan datos a trav\u00e9s de nuestro sitio, recogemos sus datos personales a trav\u00e9s de un servidor seguro usando protocolos de protecci\u00f3n.\u00a0<\/p><p>Estas medidas abarcan la navegabilidad completa dentro de todo nuestro sitio para proteger as\u00ed tambi\u00e9n sus datos personales y de contacto. Mantenemos las salvaguardias f\u00edsicas, electr\u00f3nicas y de procedimiento en relaci\u00f3n con la recolecci\u00f3n, almacenamiento y divulgaci\u00f3n de tu informaci\u00f3n. Puedes inscribirte a nuestra lista de mailing comercial a trav\u00e9s de nuestro footer o f\u00edsicamente dejando tu correo en la secci\u00f3n Contacto. A trav\u00e9s de estos correos enviamos promociones y novedades de nuestros servicios.\u00a0<\/p><p>Si quieres desuscribirte de estos mailings, puedes encontrar dentro del mismo correo la opci\u00f3n para salir de la lista de difusi\u00f3n. Exxis se compromete a garantizar que la informaci\u00f3n entregada ser\u00e1 protegida para evitar la divulgaci\u00f3n sin consentimiento del usuario.<\/p>\t\t\t\t\t\t\t\t<\/div>\n\t\t\t\t<\/div>\n\t\t\t\t<div class=\"elementor-element elementor-element-4147b9f elementor-widget elementor-widget-text-editor\" data-id=\"4147b9f\" data-element_type=\"widget\" data-e-type=\"widget\" data-widget_type=\"text-editor.default\">\n\t\t\t\t<div class=\"elementor-widget-container\">\n\t\t\t\t\t\t\t\t\t<p>Si tienes dudas o consultas respecto a las pol\u00edticas de privacidad, comun\u00edcate con nosotros a trav\u00e9s del correo <span style=\"color: #0000ff;\"><a style=\"color: #0000ff;\" href=\"mailto:contacto@aws-server.site\">contacto@aws-server.site<\/a><\/span> o a trav\u00e9s de nuestra secci\u00f3n de <span style=\"color: #0000ff;\"><strong><a style=\"color: #0000ff;\" href=\"https:\/\/aws-server.site\/exxis\/\/contactanos\/\">contacto<\/a><\/strong><\/span> y atenderemos tus consultas.<\/p>\t\t\t\t\t\t\t\t<\/div>\n\t\t\t\t<\/div>\n\t\t\t\t\t<\/div>\n\t\t\t\t<\/div>\n\t\t<div data-particle_enable=\"false\" data-particle-mobile-disabled=\"false\" class=\"elementor-element elementor-element-a91b962 e-flex e-con-boxed e-con e-parent\" data-id=\"a91b962\" data-element_type=\"container\" data-e-type=\"container\">\n\t\t\t\t\t<div class=\"e-con-inner\">\n\t\t\t\t<div class=\"elementor-element elementor-element-43ff4c1 elementor-widget elementor-widget-spacer\" data-id=\"43ff4c1\" data-element_type=\"widget\" data-e-type=\"widget\" data-widget_type=\"spacer.default\">\n\t\t\t\t<div class=\"elementor-widget-container\">\n\t\t\t\t\t\t\t<div class=\"elementor-spacer\">\n\t\t\t<div class=\"elementor-spacer-inner\"><\/div>\n\t\t<\/div>\n\t\t\t\t\t\t<\/div>\n\t\t\t\t<\/div>\n\t\t\t\t\t<\/div>\n\t\t\t\t<\/div>\n\t\t\t\t<\/div>\n\t\t","protected":false},"excerpt":{"rendered":"<p>Pol\u00edtica de Privacidad de Exxis Group En Exxis Group recopilamos datos necesarios para brindar una experiencia de contacto, cotizaci\u00f3n y compra fluida y de calidad. Sus datos personales cuentan con el respaldo de nuestras medidas t\u00e9cnicas y de seguridad para evitar el acceso no autorizado o ilegal o la p\u00e9rdida accidental, destrucci\u00f3n u ocurrencia de [&hellip;]<\/p>\n","protected":false},"author":1,"featured_media":0,"parent":0,"menu_order":0,"comment_status":"closed","ping_status":"closed","template":"","meta":{"site-sidebar-layout":"no-sidebar","site-content-layout":"page-builder","ast-site-content-layout":"full-width-container","site-content-style":"default","site-sidebar-style":"default","ast-global-header-display":"","ast-banner-title-visibility":"","ast-main-header-display":"","ast-hfb-above-header-display":"","ast-hfb-below-header-display":"","ast-hfb-mobile-header-display":"","site-post-title":"disabled","ast-breadcrumbs-content":"","ast-featured-img":"disabled","footer-sml-layout":"","ast-disable-related-posts":"","theme-transparent-header-meta":"default","adv-header-id-meta":"","stick-header-meta":"","header-above-stick-meta":"","header-main-stick-meta":"","header-below-stick-meta":"","astra-migrate-meta-layouts":"set","ast-page-background-enabled":"default","ast-page-background-meta":{"desktop":{"background-color":"var(--ast-global-color-5)","background-image":"","background-repeat":"repeat","background-position":"center center","background-size":"auto","background-attachment":"scroll","background-type":"","background-media":"","overlay-type":"","overlay-color":"","overlay-opacity":"","overlay-gradient":""},"tablet":{"background-color":"","background-image":"","background-repeat":"repeat","background-position":"center center","background-size":"auto","background-attachment":"scroll","background-type":"","background-media":"","overlay-type":"","overlay-color":"","overlay-opacity":"","overlay-gradient":""},"mobile":{"background-color":"","background-image":"","background-repeat":"repeat","background-position":"center center","background-size":"auto","background-attachment":"scroll","background-type":"","background-media":"","overlay-type":"","overlay-color":"","overlay-opacity":"","overlay-gradient":""}},"ast-content-background-meta":{"desktop":{"background-color":"var(--ast-global-color-4)","background-image":"","background-repeat":"repeat","background-position":"center center","background-size":"auto","background-attachment":"scroll","background-type":"","background-media":"","overlay-type":"","overlay-color":"","overlay-opacity":"","overlay-gradient":""},"tablet":{"background-color":"var(--ast-global-color-4)","background-image":"","background-repeat":"repeat","background-position":"center center","background-size":"auto","background-attachment":"scroll","background-type":"","background-media":"","overlay-type":"","overlay-color":"","overlay-opacity":"","overlay-gradient":""},"mobile":{"background-color":"var(--ast-global-color-4)","background-image":"","background-repeat":"repeat","background-position":"center center","background-size":"auto","background-attachment":"scroll","background-type":"","background-media":"","overlay-type":"","overlay-color":"","overlay-opacity":"","overlay-gradient":""}},"footnotes":""},"class_list":["post-3709","page","type-page","status-publish","hentry"],"_links":{"self":[{"href":"https:\/\/aws-server.site\/exxis\/wp-json\/wp\/v2\/pages\/3709","targetHints":{"allow":["GET"]}}],"collection":[{"href":"https:\/\/aws-server.site\/exxis\/wp-json\/wp\/v2\/pages"}],"about":[{"href":"https:\/\/aws-server.site\/exxis\/wp-json\/wp\/v2\/types\/page"}],"author":[{"embeddable":true,"href":"https:\/\/aws-server.site\/exxis\/wp-json\/wp\/v2\/users\/1"}],"replies":[{"embeddable":true,"href":"https:\/\/aws-server.site\/exxis\/wp-json\/wp\/v2\/comments?post=3709"}],"version-history":[{"count":21,"href":"https:\/\/aws-server.site\/exxis\/wp-json\/wp\/v2\/pages\/3709\/revisions"}],"predecessor-version":[{"id":5511,"href":"https:\/\/aws-server.site\/exxis\/wp-json\/wp\/v2\/pages\/3709\/revisions\/5511"}],"wp:attachment":[{"href":"https:\/\/aws-server.site\/exxis\/wp-json\/wp\/v2\/media?parent=3709"}],"curies":[{"name":"wp","href":"https:\/\/api.w.org\/{rel}","templated":true}]}}