{"id":3558,"date":"2024-12-05T07:40:05","date_gmt":"2024-12-05T06:40:05","guid":{"rendered":"https:\/\/asismarka.com\/exxis\/?page_id=3558"},"modified":"2025-08-24T08:32:30","modified_gmt":"2025-08-24T06:32:30","slug":"software-erp-retail","status":"publish","type":"page","link":"https:\/\/aws-server.site\/exxis\/soluciones\/software-erp-retail\/","title":{"rendered":"ERP Retail"},"content":{"rendered":"\t\t<div data-elementor-type=\"wp-page\" data-elementor-id=\"3558\" class=\"elementor elementor-3558\" data-elementor-post-type=\"page\">\n\t\t\t\t<div data-particle_enable=\"false\" data-particle-mobile-disabled=\"false\" class=\"elementor-element elementor-element-1d75e1b e-flex e-con-boxed e-con e-parent\" data-id=\"1d75e1b\" data-element_type=\"container\" data-e-type=\"container\">\n\t\t\t\t\t<div class=\"e-con-inner\">\n\t\t<div data-particle_enable=\"false\" data-particle-mobile-disabled=\"false\" class=\"elementor-element elementor-element-9a41fed e-con-full e-flex e-con e-child\" data-id=\"9a41fed\" data-element_type=\"container\" data-e-type=\"container\">\n\t\t<div data-particle_enable=\"false\" data-particle-mobile-disabled=\"false\" class=\"elementor-element elementor-element-843bcfd e-con-full e-flex e-con e-child\" data-id=\"843bcfd\" data-element_type=\"container\" data-e-type=\"container\" data-settings=\"{&quot;background_background&quot;:&quot;classic&quot;}\">\n\t\t\t\t<div class=\"elementor-element elementor-element-1f2b580 elementor-widget elementor-widget-text-editor\" data-id=\"1f2b580\" data-element_type=\"widget\" data-e-type=\"widget\" data-widget_type=\"text-editor.default\">\n\t\t\t\t<div class=\"elementor-widget-container\">\n\t\t\t\t\t\t\t\t\t<h1 style=\"text-align: center;\"><span style=\"color: #ffffff;\"><b>Software ERP Retail<\/b><\/span><\/h1>\t\t\t\t\t\t\t\t<\/div>\n\t\t\t\t<\/div>\n\t\t\t\t<div class=\"elementor-element elementor-element-eb497ce e-transform elementor-widget-divider--view-line elementor-widget elementor-widget-divider\" data-id=\"eb497ce\" data-element_type=\"widget\" data-e-type=\"widget\" data-settings=\"{&quot;_transform_rotateZ_effect&quot;:{&quot;unit&quot;:&quot;px&quot;,&quot;size&quot;:-90,&quot;sizes&quot;:[]},&quot;_transform_rotateZ_effect_tablet&quot;:{&quot;unit&quot;:&quot;deg&quot;,&quot;size&quot;:&quot;&quot;,&quot;sizes&quot;:[]},&quot;_transform_rotateZ_effect_mobile&quot;:{&quot;unit&quot;:&quot;deg&quot;,&quot;size&quot;:&quot;&quot;,&quot;sizes&quot;:[]}}\" data-widget_type=\"divider.default\">\n\t\t\t\t<div class=\"elementor-widget-container\">\n\t\t\t\t\t\t\t<div class=\"elementor-divider\">\n\t\t\t<span class=\"elementor-divider-separator\">\n\t\t\t\t\t\t<\/span>\n\t\t<\/div>\n\t\t\t\t\t\t<\/div>\n\t\t\t\t<\/div>\n\t\t\t\t<\/div>\n\t\t\t\t<\/div>\n\t\t\t\t\t<\/div>\n\t\t\t\t<\/div>\n\t\t<div data-particle_enable=\"false\" data-particle-mobile-disabled=\"false\" class=\"elementor-element elementor-element-530ef32 e-flex e-con-boxed e-con e-parent\" data-id=\"530ef32\" data-element_type=\"container\" data-e-type=\"container\">\n\t\t\t\t\t<div class=\"e-con-inner\">\n\t\t<div data-particle_enable=\"false\" data-particle-mobile-disabled=\"false\" class=\"elementor-element elementor-element-fd8cf49 e-con-full e-flex e-con e-child\" data-id=\"fd8cf49\" data-element_type=\"container\" data-e-type=\"container\">\n\t\t<div data-particle_enable=\"false\" data-particle-mobile-disabled=\"false\" class=\"elementor-element elementor-element-6a5140f e-con-full e-flex e-con e-child\" data-id=\"6a5140f\" data-element_type=\"container\" data-e-type=\"container\">\n\t\t\t\t<div class=\"elementor-element elementor-element-e6fb134 elementor-align-right elementor-widget elementor-widget-button\" data-id=\"e6fb134\" data-element_type=\"widget\" data-e-type=\"widget\" data-widget_type=\"button.default\">\n\t\t\t\t<div class=\"elementor-widget-container\">\n\t\t\t\t\t\t\t\t\t<div class=\"elementor-button-wrapper\">\n\t\t\t\t\t<a class=\"elementor-button elementor-button-link elementor-size-sm\" href=\"https:\/\/aws-server.site\/exxis\/contactanos\/\">\n\t\t\t\t\t\t<span class=\"elementor-button-content-wrapper\">\n\t\t\t\t\t\t\t\t\t<span class=\"elementor-button-text\">Agendar Demostraci\u00f3n<\/span>\n\t\t\t\t\t<\/span>\n\t\t\t\t\t<\/a>\n\t\t\t\t<\/div>\n\t\t\t\t\t\t\t\t<\/div>\n\t\t\t\t<\/div>\n\t\t\t\t<\/div>\n\t\t<div data-particle_enable=\"false\" data-particle-mobile-disabled=\"false\" class=\"elementor-element elementor-element-e5e2094 e-con-full e-flex e-con e-child\" data-id=\"e5e2094\" data-element_type=\"container\" data-e-type=\"container\">\n\t\t\t\t<div class=\"elementor-element elementor-element-3aa3a76 elementor-align-left elementor-widget elementor-widget-button\" data-id=\"3aa3a76\" data-element_type=\"widget\" data-e-type=\"widget\" data-widget_type=\"button.default\">\n\t\t\t\t<div class=\"elementor-widget-container\">\n\t\t\t\t\t\t\t\t\t<div class=\"elementor-button-wrapper\">\n\t\t\t\t\t<a class=\"elementor-button elementor-button-link elementor-size-sm\" href=\"https:\/\/aws-server.site\/exxis\/contactanos\/\">\n\t\t\t\t\t\t<span class=\"elementor-button-content-wrapper\">\n\t\t\t\t\t\t\t\t\t<span class=\"elementor-button-text\">Solicitar Cat\u00e1logo<\/span>\n\t\t\t\t\t<\/span>\n\t\t\t\t\t<\/a>\n\t\t\t\t<\/div>\n\t\t\t\t\t\t\t\t<\/div>\n\t\t\t\t<\/div>\n\t\t\t\t<\/div>\n\t\t\t\t<\/div>\n\t\t\t\t<div class=\"elementor-element elementor-element-9d8ed09 e-transform elementor-widget-divider--view-line elementor-widget elementor-widget-divider\" data-id=\"9d8ed09\" data-element_type=\"widget\" data-e-type=\"widget\" data-settings=\"{&quot;_transform_rotateZ_effect&quot;:{&quot;unit&quot;:&quot;px&quot;,&quot;size&quot;:-90,&quot;sizes&quot;:[]},&quot;_transform_rotateZ_effect_tablet&quot;:{&quot;unit&quot;:&quot;deg&quot;,&quot;size&quot;:&quot;&quot;,&quot;sizes&quot;:[]},&quot;_transform_rotateZ_effect_mobile&quot;:{&quot;unit&quot;:&quot;deg&quot;,&quot;size&quot;:&quot;&quot;,&quot;sizes&quot;:[]}}\" data-widget_type=\"divider.default\">\n\t\t\t\t<div class=\"elementor-widget-container\">\n\t\t\t\t\t\t\t<div class=\"elementor-divider\">\n\t\t\t<span class=\"elementor-divider-separator\">\n\t\t\t\t\t\t<\/span>\n\t\t<\/div>\n\t\t\t\t\t\t<\/div>\n\t\t\t\t<\/div>\n\t\t\t\t<div class=\"elementor-element elementor-element-c70957c elementor-widget elementor-widget-text-editor\" data-id=\"c70957c\" data-element_type=\"widget\" data-e-type=\"widget\" data-widget_type=\"text-editor.default\">\n\t\t\t\t<div class=\"elementor-widget-container\">\n\t\t\t\t\t\t\t\t\t<h2>Transformamos<strong> tu negocio retail con soluciones tecnol\u00f3gicas que optimizan procesos, aumentan la competitividad y fidelizan a tus clientes.<\/strong><\/h2>\n<div>Transforma tus tiendas y tu operativa con la soluci\u00f3n de punto de venta&nbsp;<span style=\"font-size: 1rem;\">retail m\u00e1s completa y robusta, impulsada por SAP Business One.<\/span><\/div>\n<div>\u00bfBuscas un software de punto de venta que te ayude a crecer, simplificar&nbsp;<span style=\"font-size: 1rem;\">procesos y adaptarte r\u00e1pidamente a los retos del comercio moderno?<\/span><\/div>\n<div>Descubre nuestra soluci\u00f3n POS Retail SAP Business One, dise\u00f1ada para&nbsp;<span style=\"font-size: 1rem;\">negocios que necesitan operar online y offline de manera \u00e1gil, fidelizar a sus<\/span><\/div>\n<div>clientes, gestionar ventas en m\u00faltiples monedas, configurar ofertas y&nbsp;<span style=\"font-size: 1rem;\">promociones y cumplir de manera sencilla con todas las normativas fiscales<\/span><\/div>\n<p><span style=\"font-size: 1rem;\">locales.&nbsp;<\/span><\/p>\n<div><span style=\"font-size: 1rem;\">&nbsp;<\/span><\/div>\n<h3>Funcionalidades Destacadas:<\/h3>\n<ul>\n<li>Software POS para tiendas retail basado en SAP Business One.<\/li>\n<li><span style=\"font-style: inherit; font-weight: inherit;\">Control centralizado y visibilidad total.<\/span><\/li>\n<li>Escalabilidad y adaptabilidad para el retail actual.<\/li>\n<\/ul>\n<div>&nbsp;<\/div>\n<div>\n<div>\n<h3 style=\"font-size: 1.58824rem; font-style: normal; color: #000000;\">1. Software POS para tiendas retail basado en SAP Business One:<\/h3>\n<ul style=\"font-size: 17px; font-style: normal; font-weight: 400;\">\n<li style=\"font-size: 17px;\">\n<div>100% integrado con SAP Business One: Conecta todas tus tiendas y&nbsp;<span style=\"font-style: inherit; font-weight: inherit;\">puntos de venta y gestiona tiendas propias, franquicias, corners o nuevos<\/span><\/div>\n<p>formatos desde una \u00fanica plataforma.Control centralizado y visibilidad total.<\/p>\n<\/li>\n<li style=\"font-size: 17px;\">\n<div>Operaci\u00f3n sin interrupciones: Vende a\u00fan sin internet. La sincronizaci\u00f3n&nbsp;<span style=\"font-style: inherit; font-weight: inherit;\">autom\u00e1tica garantiza que nunca pierdas ventas ni informaci\u00f3n, operando online&nbsp;<\/span><span style=\"font-style: inherit; font-weight: inherit;\">y offline.&nbsp;<\/span><\/div>\n<\/li>\n<li style=\"font-size: 17px;\">\n<div>Gesti\u00f3n multimoneda: Ofrece atenci\u00f3n global aceptando pagos y&nbsp;<span style=\"font-style: inherit; font-weight: inherit;\">devoluciones en distintas divisas.<\/span><\/div>\n<\/li>\n<li style=\"font-size: 17px;\">\n<div>Cumplimiento fiscal local: Con la localizaci\u00f3 de SAP Business One tu&nbsp;<span style=\"font-style: inherit; font-weight: inherit;\">operaci\u00f3n en tienda estar\u00e1 alineada con los cambios normativos y regulatorios.<\/span><\/div>\n<\/li>\n<\/ul>\n<\/div>\n<div>&nbsp;<\/div>\n<h3 style=\"font-size: 1.58824rem; font-style: normal; color: rgb(0, 0, 0);\">2. Control centralizado y visibilidad total:<\/h3>\n<ul style=\"font-size: 17px; font-style: normal; font-weight: 400;\">\n<li style=\"font-size: 17px;\">\n<div><span style=\"font-size: 1rem; font-style: inherit; font-weight: inherit;\">Toma decisiones \u00e1giles con datos consolidados de inventario, ventas y&nbsp;<\/span><span style=\"font-style: inherit; font-weight: inherit;\">reportes en tiempo real, desde la central o cualquier tienda.&nbsp;<\/span><\/div><\/li><li style=\"font-size: 17px;\"><div><span style=\"font-style: inherit; font-weight: inherit;\">Controla la operaci\u00f3n de cada tienda a trav\u00e9s de la gesti\u00f3n de permisos y&nbsp;<\/span><span style=\"font-style: inherit; font-weight: inherit;\">autorizaciones para las diferentes operaciones en el POS, dependiendo del rol&nbsp;<\/span><span style=\"font-style: inherit; font-weight: inherit;\">de cada uno de los usuarios.<\/span><\/div><\/li><li style=\"font-size: 17px;\"><div><span style=\"font-style: inherit; font-weight: inherit;\">Desp\u00eddete de la desincronizaci\u00f3n y la falta de control y visibilidad: toda la&nbsp;<\/span><span style=\"font-style: inherit; font-weight: inherit;\">informaci\u00f3n de tiendas, clientes, precios, stocks y promociones se actualiza de&nbsp;<\/span><span style=\"font-style: inherit; font-weight: inherit;\">manera transparente y autom\u00e1tica.<\/span><\/div><\/li>\n<\/ul>\n<div><span style=\"font-size: 1rem;\">&nbsp;<\/span><\/div>\n<div><h3 style=\"font-size: 1.58824rem; font-style: normal; color: rgb(0, 0, 0);\">3. Escalabilidad y adaptabilidad para el retail actual:<\/h3><ul style=\"font-size: 17px; font-style: normal; font-weight: 400;\"><li style=\"font-size: 17px;\">Escala tu operaci\u00f3n a nuevos modelos\u2014tiendas f\u00edsicas, e-commerce, pop-<span style=\"font-size: 1rem;\">ups, franquicias, autoventa\u2014sin modificar tu sistema base SAP Business One.<\/span><\/li><li style=\"font-size: 17px;\">Herramientas intuitivas para gestionar precios, crear promociones,&nbsp;<span style=\"font-size: 1rem;\">fidelizar clientes, crear Gift Cards e incluso autoventa.<\/span><\/li><li style=\"font-size: 17px;\">Integraci\u00f3n con todos los dispositivos de tu operaci\u00f3n: Pos\/Lectores de&nbsp;<span style=\"font-size: 1rem;\">tarjetas, balanzas, terminales de venta, visores, cajones, lectores de c\u00f3digos,&nbsp;<\/span>impresoras.<\/li><\/ul><\/div><div>&nbsp;<\/div>\n<div>\u00a1Mejora la experiencia de compra y lleva tu retail al siguiente nivel!<\/div>\n<div>Solicita una demo de nuestro sistema POS para retail SAP Business One y&nbsp;<span style=\"font-size: 1rem;\">descubre por qu\u00e9 somos la soluci\u00f3n preferida por empresas que quieren<\/span><\/div>\n<div>marcar la diferencia en el mundo del retail, sean supermercados, tiendas de&nbsp;<span style=\"font-size: 1rem;\">moda y calzado, grandes almacenes, art\u00edculos y servicios para mascotas,<\/span><\/div>\n<div>ferreter\u00edas, restauraci\u00f3n, grandes almacenes.<\/div><div><br><\/div>\n<\/div>\t\t\t\t\t\t\t\t<\/div>\n\t\t\t\t<\/div>\n\t\t\t\t<div class=\"elementor-element elementor-element-8dbea2a elementor-widget elementor-widget-text-editor\" data-id=\"8dbea2a\" data-element_type=\"widget\" data-e-type=\"widget\" data-widget_type=\"text-editor.default\">\n\t\t\t\t<div class=\"elementor-widget-container\">\n\t\t\t\t\t\t\t\t\t<h2>Preguntas frecuentes sobre <span style=\"color: #004dcc;\">ERP Retail<\/span><\/h2>\t\t\t\t\t\t\t\t<\/div>\n\t\t\t\t<\/div>\n\t\t\t\t\t<\/div>\n\t\t\t\t<\/div>\n\t\t<div data-particle_enable=\"false\" data-particle-mobile-disabled=\"false\" class=\"elementor-element elementor-element-c29a6ab e-flex e-con-boxed e-con e-parent\" data-id=\"c29a6ab\" data-element_type=\"container\" data-e-type=\"container\">\n\t\t\t\t\t<div class=\"e-con-inner\">\n\t\t\t\t<div class=\"elementor-element elementor-element-33daef5b elementor-widget elementor-widget-n-accordion\" data-id=\"33daef5b\" data-element_type=\"widget\" data-e-type=\"widget\" data-settings=\"{&quot;default_state&quot;:&quot;all_collapsed&quot;,&quot;max_items_expended&quot;:&quot;one&quot;,&quot;n_accordion_animation_duration&quot;:{&quot;unit&quot;:&quot;ms&quot;,&quot;size&quot;:400,&quot;sizes&quot;:[]}}\" data-widget_type=\"nested-accordion.default\">\n\t\t\t\t<div class=\"elementor-widget-container\">\n\t\t\t\t\t\t\t<div class=\"e-n-accordion\" aria-label=\"Accordion. Open links with Enter or Space, close with Escape, and navigate with Arrow Keys\">\n\t\t\t\t\t\t<details id=\"e-n-accordion-item-8690\" class=\"e-n-accordion-item\" >\n\t\t\t\t<summary class=\"e-n-accordion-item-title\" data-accordion-index=\"1\" tabindex=\"0\" aria-expanded=\"false\" aria-controls=\"e-n-accordion-item-8690\" >\n\t\t\t\t\t<span class='e-n-accordion-item-title-header'><div class=\"e-n-accordion-item-title-text\">  \u00bfQu\u00e9 es SAP Business One? <\/div><\/span>\n\t\t\t\t\t\t\t\t\t<\/summary>\n\t\t\t\t<div data-particle_enable=\"false\" data-particle-mobile-disabled=\"false\" role=\"region\" aria-labelledby=\"e-n-accordion-item-8690\" class=\"elementor-element elementor-element-41d25324 e-con-full e-flex e-con e-child\" data-id=\"41d25324\" data-element_type=\"container\" data-e-type=\"container\">\n\t\t<div data-particle_enable=\"false\" data-particle-mobile-disabled=\"false\" role=\"region\" aria-labelledby=\"e-n-accordion-item-8690\" class=\"elementor-element elementor-element-280f5010 e-flex e-con-boxed e-con e-child\" data-id=\"280f5010\" data-element_type=\"container\" data-e-type=\"container\">\n\t\t\t\t\t<div class=\"e-con-inner\">\n\t\t\t\t<div class=\"elementor-element elementor-element-762a52de elementor-widget elementor-widget-text-editor\" data-id=\"762a52de\" data-element_type=\"widget\" data-e-type=\"widget\" data-widget_type=\"text-editor.default\">\n\t\t\t\t<div class=\"elementor-widget-container\">\n\t\t\t\t\t\t\t\t\t<p>SAP Business One es un sistema de planificaci\u00f3n de recursos empresariales (ERP) dise\u00f1ado espec\u00edficamente para peque\u00f1as y medianas empresas. Integra todas las \u00e1reas de operaci\u00f3n, incluyendo finanzas, ventas, compras, inventario y gesti\u00f3n de relaciones con clientes, en una \u00fanica plataforma para optimizar la eficiencia y la toma de decisiones.<\/p><p><strong>\u00bfQu\u00e9 funcionalidades ofrece SAP Business One?<\/strong><\/p><p><u>SAP Business One incluye m\u00f3dulos para:<\/u><\/p><ul><li><u>Finanzas y contabilidad<\/u><\/li><li><u>Gesti\u00f3n de inventarios<\/u><\/li><li><u>Ventas y CRM<\/u><\/li><li><u>Compras<\/u><\/li><li><u>Producci\u00f3n<\/u><\/li><li><u>Informes y an\u00e1lisis<\/u><\/li><li><u>Movilidad<\/u><\/li><\/ul>\t\t\t\t\t\t\t\t<\/div>\n\t\t\t\t<\/div>\n\t\t\t\t\t<\/div>\n\t\t\t\t<\/div>\n\t\t\t\t<\/div>\n\t\t\t\t\t<\/details>\n\t\t\t\t\t\t<details id=\"e-n-accordion-item-8691\" class=\"e-n-accordion-item\" >\n\t\t\t\t<summary class=\"e-n-accordion-item-title\" data-accordion-index=\"2\" tabindex=\"-1\" aria-expanded=\"false\" aria-controls=\"e-n-accordion-item-8691\" >\n\t\t\t\t\t<span class='e-n-accordion-item-title-header'><div class=\"e-n-accordion-item-title-text\"> \u00bfEs posible personalizar SAP Business One seg\u00fan las necesidades de mi empresa? <\/div><\/span>\n\t\t\t\t\t\t\t\t\t<\/summary>\n\t\t\t\t<div data-particle_enable=\"false\" data-particle-mobile-disabled=\"false\" role=\"region\" aria-labelledby=\"e-n-accordion-item-8691\" class=\"elementor-element elementor-element-67f0a96f e-con-full e-flex e-con e-child\" data-id=\"67f0a96f\" data-element_type=\"container\" data-e-type=\"container\">\n\t\t<div data-particle_enable=\"false\" data-particle-mobile-disabled=\"false\" role=\"region\" aria-labelledby=\"e-n-accordion-item-8691\" class=\"elementor-element elementor-element-18083b18 e-flex e-con-boxed e-con e-child\" data-id=\"18083b18\" data-element_type=\"container\" data-e-type=\"container\">\n\t\t\t\t\t<div class=\"e-con-inner\">\n\t\t\t\t<div class=\"elementor-element elementor-element-41ac1d19 elementor-widget elementor-widget-text-editor\" data-id=\"41ac1d19\" data-element_type=\"widget\" data-e-type=\"widget\" data-widget_type=\"text-editor.default\">\n\t\t\t\t<div class=\"elementor-widget-container\">\n\t\t\t\t\t\t\t\t\t<p>S\u00ed, SAP Business One es altamente personalizable. Puedes ajustar m\u00f3dulos, crear informes espec\u00edficos y desarrollar <em>complementos<\/em> para satisfacer los requisitos \u00fanicos de tu negocio.<\/p>\t\t\t\t\t\t\t\t<\/div>\n\t\t\t\t<\/div>\n\t\t\t\t\t<\/div>\n\t\t\t\t<\/div>\n\t\t\t\t<\/div>\n\t\t\t\t\t<\/details>\n\t\t\t\t\t\t<details id=\"e-n-accordion-item-8692\" class=\"e-n-accordion-item\" >\n\t\t\t\t<summary class=\"e-n-accordion-item-title\" data-accordion-index=\"3\" tabindex=\"-1\" aria-expanded=\"false\" aria-controls=\"e-n-accordion-item-8692\" >\n\t\t\t\t\t<span class='e-n-accordion-item-title-header'><div class=\"e-n-accordion-item-title-text\"> \u00bfCu\u00e1nto tiempo tomar\u00e1 implementar SAP Business One? <\/div><\/span>\n\t\t\t\t\t\t\t\t\t<\/summary>\n\t\t\t\t<div data-particle_enable=\"false\" data-particle-mobile-disabled=\"false\" role=\"region\" aria-labelledby=\"e-n-accordion-item-8692\" class=\"elementor-element elementor-element-6435ade1 e-con-full e-flex e-con e-child\" data-id=\"6435ade1\" data-element_type=\"container\" data-e-type=\"container\">\n\t\t<div data-particle_enable=\"false\" data-particle-mobile-disabled=\"false\" role=\"region\" aria-labelledby=\"e-n-accordion-item-8692\" class=\"elementor-element elementor-element-662c27a9 e-flex e-con-boxed e-con e-child\" data-id=\"662c27a9\" data-element_type=\"container\" data-e-type=\"container\">\n\t\t\t\t\t<div class=\"e-con-inner\">\n\t\t\t\t<div class=\"elementor-element elementor-element-54cdb818 elementor-widget elementor-widget-text-editor\" data-id=\"54cdb818\" data-element_type=\"widget\" data-e-type=\"widget\" data-widget_type=\"text-editor.default\">\n\t\t\t\t<div class=\"elementor-widget-container\">\n\t\t\t\t\t\t\t\t\t<p>El tiempo de implementaci\u00f3n var\u00eda seg\u00fan la industria del proyecto y el tama\u00f1o de la empresa, pero generalmente puede tomar entre 6 a 9 meses.<\/p>\t\t\t\t\t\t\t\t<\/div>\n\t\t\t\t<\/div>\n\t\t\t\t\t<\/div>\n\t\t\t\t<\/div>\n\t\t\t\t<\/div>\n\t\t\t\t\t<\/details>\n\t\t\t\t\t<\/div>\n\t\t\t\t\t\t<\/div>\n\t\t\t\t<\/div>\n\t\t\t\t\t<\/div>\n\t\t\t\t<\/div>\n\t\t\t\t<\/div>\n\t\t","protected":false},"excerpt":{"rendered":"<p>Software ERP Retail Agendar Demostraci\u00f3n Solicitar Cat\u00e1logo Transformamos tu negocio retail con soluciones tecnol\u00f3gicas que optimizan procesos, aumentan la competitividad y fidelizan a tus clientes. Transforma tus tiendas y tu operativa con la soluci\u00f3n de punto de venta\u00a0retail m\u00e1s completa y robusta, impulsada por SAP Business One. \u00bfBuscas un software de punto de venta que [&hellip;]<\/p>\n","protected":false},"author":1,"featured_media":0,"parent":2024,"menu_order":0,"comment_status":"closed","ping_status":"closed","template":"","meta":{"site-sidebar-layout":"no-sidebar","site-content-layout":"page-builder","ast-site-content-layout":"full-width-container","site-content-style":"default","site-sidebar-style":"default","ast-global-header-display":"","ast-banner-title-visibility":"","ast-main-header-display":"","ast-hfb-above-header-display":"","ast-hfb-below-header-display":"","ast-hfb-mobile-header-display":"","site-post-title":"disabled","ast-breadcrumbs-content":"","ast-featured-img":"disabled","footer-sml-layout":"","ast-disable-related-posts":"","theme-transparent-header-meta":"default","adv-header-id-meta":"","stick-header-meta":"","header-above-stick-meta":"","header-main-stick-meta":"","header-below-stick-meta":"","astra-migrate-meta-layouts":"set","ast-page-background-enabled":"default","ast-page-background-meta":{"desktop":{"background-color":"var(--ast-global-color-5)","background-image":"","background-repeat":"repeat","background-position":"center center","background-size":"auto","background-attachment":"scroll","background-type":"","background-media":"","overlay-type":"","overlay-color":"","overlay-opacity":"","overlay-gradient":""},"tablet":{"background-color":"","background-image":"","background-repeat":"repeat","background-position":"center center","background-size":"auto","background-attachment":"scroll","background-type":"","background-media":"","overlay-type":"","overlay-color":"","overlay-opacity":"","overlay-gradient":""},"mobile":{"background-color":"","background-image":"","background-repeat":"repeat","background-position":"center center","background-size":"auto","background-attachment":"scroll","background-type":"","background-media":"","overlay-type":"","overlay-color":"","overlay-opacity":"","overlay-gradient":""}},"ast-content-background-meta":{"desktop":{"background-color":"var(--ast-global-color-4)","background-image":"","background-repeat":"repeat","background-position":"center center","background-size":"auto","background-attachment":"scroll","background-type":"","background-media":"","overlay-type":"","overlay-color":"","overlay-opacity":"","overlay-gradient":""},"tablet":{"background-color":"var(--ast-global-color-4)","background-image":"","background-repeat":"repeat","background-position":"center center","background-size":"auto","background-attachment":"scroll","background-type":"","background-media":"","overlay-type":"","overlay-color":"","overlay-opacity":"","overlay-gradient":""},"mobile":{"background-color":"var(--ast-global-color-4)","background-image":"","background-repeat":"repeat","background-position":"center center","background-size":"auto","background-attachment":"scroll","background-type":"","background-media":"","overlay-type":"","overlay-color":"","overlay-opacity":"","overlay-gradient":""}},"footnotes":""},"class_list":["post-3558","page","type-page","status-publish","hentry"],"_links":{"self":[{"href":"https:\/\/aws-server.site\/exxis\/wp-json\/wp\/v2\/pages\/3558","targetHints":{"allow":["GET"]}}],"collection":[{"href":"https:\/\/aws-server.site\/exxis\/wp-json\/wp\/v2\/pages"}],"about":[{"href":"https:\/\/aws-server.site\/exxis\/wp-json\/wp\/v2\/types\/page"}],"author":[{"embeddable":true,"href":"https:\/\/aws-server.site\/exxis\/wp-json\/wp\/v2\/users\/1"}],"replies":[{"embeddable":true,"href":"https:\/\/aws-server.site\/exxis\/wp-json\/wp\/v2\/comments?post=3558"}],"version-history":[{"count":68,"href":"https:\/\/aws-server.site\/exxis\/wp-json\/wp\/v2\/pages\/3558\/revisions"}],"predecessor-version":[{"id":5578,"href":"https:\/\/aws-server.site\/exxis\/wp-json\/wp\/v2\/pages\/3558\/revisions\/5578"}],"up":[{"embeddable":true,"href":"https:\/\/aws-server.site\/exxis\/wp-json\/wp\/v2\/pages\/2024"}],"wp:attachment":[{"href":"https:\/\/aws-server.site\/exxis\/wp-json\/wp\/v2\/media?parent=3558"}],"curies":[{"name":"wp","href":"https:\/\/api.w.org\/{rel}","templated":true}]}}