{"id":3555,"date":"2024-12-05T07:40:47","date_gmt":"2024-12-05T06:40:47","guid":{"rendered":"https:\/\/asismarka.com\/exxis\/?page_id=3555"},"modified":"2025-08-24T08:33:24","modified_gmt":"2025-08-24T06:33:24","slug":"software-erp-agricola","status":"publish","type":"page","link":"https:\/\/aws-server.site\/exxis\/soluciones\/software-erp-agricola\/","title":{"rendered":"ERP Agr\u00edcola"},"content":{"rendered":"\t\t<div data-elementor-type=\"wp-page\" data-elementor-id=\"3555\" class=\"elementor elementor-3555\" data-elementor-post-type=\"page\">\n\t\t\t\t<div data-particle_enable=\"false\" data-particle-mobile-disabled=\"false\" class=\"elementor-element elementor-element-1d75e1b e-flex e-con-boxed e-con e-parent\" data-id=\"1d75e1b\" data-element_type=\"container\" data-e-type=\"container\">\n\t\t\t\t\t<div class=\"e-con-inner\">\n\t\t<div data-particle_enable=\"false\" data-particle-mobile-disabled=\"false\" class=\"elementor-element elementor-element-9a41fed e-con-full e-flex e-con e-child\" data-id=\"9a41fed\" data-element_type=\"container\" data-e-type=\"container\">\n\t\t<div data-particle_enable=\"false\" data-particle-mobile-disabled=\"false\" class=\"elementor-element elementor-element-843bcfd e-con-full e-flex e-con e-child\" data-id=\"843bcfd\" data-element_type=\"container\" data-e-type=\"container\" data-settings=\"{&quot;background_background&quot;:&quot;classic&quot;}\">\n\t\t\t\t<div class=\"elementor-element elementor-element-215f45d elementor-widget elementor-widget-text-editor\" data-id=\"215f45d\" data-element_type=\"widget\" data-e-type=\"widget\" data-widget_type=\"text-editor.default\">\n\t\t\t\t<div class=\"elementor-widget-container\">\n\t\t\t\t\t\t\t\t\t<h1><strong><span style=\"color: #ffffff;\">Software ERP Agr\u00edcola<\/span><\/strong><\/h1>\t\t\t\t\t\t\t\t<\/div>\n\t\t\t\t<\/div>\n\t\t\t\t<\/div>\n\t\t\t\t<\/div>\n\t\t\t\t\t<\/div>\n\t\t\t\t<\/div>\n\t\t<div data-particle_enable=\"false\" data-particle-mobile-disabled=\"false\" class=\"elementor-element elementor-element-530ef32 e-flex e-con-boxed e-con e-parent\" data-id=\"530ef32\" data-element_type=\"container\" data-e-type=\"container\">\n\t\t\t\t\t<div class=\"e-con-inner\">\n\t\t<div data-particle_enable=\"false\" data-particle-mobile-disabled=\"false\" class=\"elementor-element elementor-element-92b0a09 e-con-full e-flex e-con e-child\" data-id=\"92b0a09\" data-element_type=\"container\" data-e-type=\"container\">\n\t\t<div data-particle_enable=\"false\" data-particle-mobile-disabled=\"false\" class=\"elementor-element elementor-element-cead645 e-con-full e-flex e-con e-child\" data-id=\"cead645\" data-element_type=\"container\" data-e-type=\"container\">\n\t\t\t\t<div class=\"elementor-element elementor-element-8dce3fa elementor-align-right elementor-widget elementor-widget-button\" data-id=\"8dce3fa\" data-element_type=\"widget\" data-e-type=\"widget\" data-widget_type=\"button.default\">\n\t\t\t\t<div class=\"elementor-widget-container\">\n\t\t\t\t\t\t\t\t\t<div class=\"elementor-button-wrapper\">\n\t\t\t\t\t<a class=\"elementor-button elementor-button-link elementor-size-sm\" href=\"https:\/\/aws-server.site\/exxis\/agendar-demostracion\/\" target=\"_blank\">\n\t\t\t\t\t\t<span class=\"elementor-button-content-wrapper\">\n\t\t\t\t\t\t\t\t\t<span class=\"elementor-button-text\">Agendar Demostraci\u00f3n<\/span>\n\t\t\t\t\t<\/span>\n\t\t\t\t\t<\/a>\n\t\t\t\t<\/div>\n\t\t\t\t\t\t\t\t<\/div>\n\t\t\t\t<\/div>\n\t\t\t\t<\/div>\n\t\t<div data-particle_enable=\"false\" data-particle-mobile-disabled=\"false\" class=\"elementor-element elementor-element-cc402d1 e-con-full e-flex e-con e-child\" data-id=\"cc402d1\" data-element_type=\"container\" data-e-type=\"container\">\n\t\t\t\t<div class=\"elementor-element elementor-element-9e1667b elementor-align-left elementor-widget elementor-widget-button\" data-id=\"9e1667b\" data-element_type=\"widget\" data-e-type=\"widget\" data-widget_type=\"button.default\">\n\t\t\t\t<div class=\"elementor-widget-container\">\n\t\t\t\t\t\t\t\t\t<div class=\"elementor-button-wrapper\">\n\t\t\t\t\t<a class=\"elementor-button elementor-button-link elementor-size-sm\" href=\"https:\/\/aws-server.site\/exxis\/agendar-demostracion\/\">\n\t\t\t\t\t\t<span class=\"elementor-button-content-wrapper\">\n\t\t\t\t\t\t\t\t\t<span class=\"elementor-button-text\">Solicitar Cat\u00e1logo<\/span>\n\t\t\t\t\t<\/span>\n\t\t\t\t\t<\/a>\n\t\t\t\t<\/div>\n\t\t\t\t\t\t\t\t<\/div>\n\t\t\t\t<\/div>\n\t\t\t\t<\/div>\n\t\t\t\t<\/div>\n\t\t\t\t<div class=\"elementor-element elementor-element-c70957c elementor-widget elementor-widget-text-editor\" data-id=\"c70957c\" data-element_type=\"widget\" data-e-type=\"widget\" data-widget_type=\"text-editor.default\">\n\t\t\t\t<div class=\"elementor-widget-container\">\n\t\t\t\t\t\t\t\t\t<h2><strong>Ofrecemos soluciones innovadoras y eficientes para impulsar el \u00e9xito del agronegocio, optimizando cada etapa de la cadena productiva.<\/strong><\/h2><p><strong>\u00a0<\/strong><\/p><p>El software para Agroindustria incluye m\u00f3dulos que abarcan todas las operaciones agroindustriales, desde las labores del campo, la cosecha, empaque y producci\u00f3n de frutas y hortalizas, su palletizado y sanidad, administra la trazabilidad de productos y sus costos por lote, generando la impresi\u00f3n de etiquetas y sus c\u00f3digos de barra.<\/p><p>Est\u00e1n completamente integrados a SAP Business One. Tambi\u00e9n pueden ser utilizados en forma modular y comunicarse con otras aplicaciones de backoffice a trav\u00e9s de interfaces. Si se utiliza modularmente, adem\u00e1s de las aplicaciones espec\u00edficas que se detallan a continuaci\u00f3n, se pueden agregar los m\u00f3dulos de abastecimiento, \u00f3rdenes de venta y comercio exterior para una mejor experiencia.<\/p><p>La soluci\u00f3n agr\u00edcola <b>Farm4all\u00ae <\/b>ampl\u00eda la funcionalidad del ERP SAP Business One dentro de la gesti\u00f3n de cultivos, permitiendo la integraci\u00f3n de la planificaci\u00f3n de cultivos, las compras de almac\u00e9n y los apuntes de campo. Tambi\u00e9n ofrece la gesti\u00f3n de la planificaci\u00f3n operativa agr\u00edcola, definiendo cantidades finales e insumos por parcela. Farm4all\u00ae controla todos los ciclos de operaciones de cultivo, de forma \u00e1gil, sencilla y eficiente.<\/p><h3><strong>Agr\u00edcola:<\/strong><\/h3><ul><li>Planificaci\u00f3n por fases del a\u00f1o vs ejecuci\u00f3n.<\/li><li>Datos de costo y consumo de stock.<\/li><\/ul><h3><strong>Algod\u00f3n:<\/strong><\/h3><ul><li>Control de proceso de producci\u00f3n.<\/li><li>Recepci\u00f3n de fardos, clasificaci\u00f3n, pesaje, formaci\u00f3n de lotes, laboratorio integrado con reportes.<\/li><\/ul><h3><strong>Reventa Agr\u00edcola:<\/strong><\/h3><ul><li>Presupuestaci\u00f3n en base al \u00e1rea de trabajo y cultura calculando autom\u00e1ticamente el recetario para el mismo.<\/li><\/ul>\t\t\t\t\t\t\t\t<\/div>\n\t\t\t\t<\/div>\n\t\t\t\t<div class=\"elementor-element elementor-element-9d8ed09 e-transform elementor-widget-divider--view-line elementor-widget elementor-widget-divider\" data-id=\"9d8ed09\" data-element_type=\"widget\" data-e-type=\"widget\" data-settings=\"{&quot;_transform_rotateZ_effect&quot;:{&quot;unit&quot;:&quot;px&quot;,&quot;size&quot;:-90,&quot;sizes&quot;:[]},&quot;_transform_rotateZ_effect_tablet&quot;:{&quot;unit&quot;:&quot;deg&quot;,&quot;size&quot;:&quot;&quot;,&quot;sizes&quot;:[]},&quot;_transform_rotateZ_effect_mobile&quot;:{&quot;unit&quot;:&quot;deg&quot;,&quot;size&quot;:&quot;&quot;,&quot;sizes&quot;:[]}}\" data-widget_type=\"divider.default\">\n\t\t\t\t<div class=\"elementor-widget-container\">\n\t\t\t\t\t\t\t<div class=\"elementor-divider\">\n\t\t\t<span class=\"elementor-divider-separator\">\n\t\t\t\t\t\t<\/span>\n\t\t<\/div>\n\t\t\t\t\t\t<\/div>\n\t\t\t\t<\/div>\n\t\t\t\t<div class=\"elementor-element elementor-element-8dbea2a elementor-widget elementor-widget-text-editor\" data-id=\"8dbea2a\" data-element_type=\"widget\" data-e-type=\"widget\" data-widget_type=\"text-editor.default\">\n\t\t\t\t<div class=\"elementor-widget-container\">\n\t\t\t\t\t\t\t\t\t<h2>Preguntas frecuentes sobre <span style=\"color: #004dcc;\">ERP Agr\u00edcola<\/span><\/h2>\t\t\t\t\t\t\t\t<\/div>\n\t\t\t\t<\/div>\n\t\t\t\t\t<\/div>\n\t\t\t\t<\/div>\n\t\t<div data-particle_enable=\"false\" data-particle-mobile-disabled=\"false\" class=\"elementor-element elementor-element-436833c0 e-flex e-con-boxed e-con e-parent\" data-id=\"436833c0\" data-element_type=\"container\" data-e-type=\"container\">\n\t\t\t\t\t<div class=\"e-con-inner\">\n\t\t\t\t<div class=\"elementor-element elementor-element-5bad1ae4 elementor-widget elementor-widget-n-accordion\" data-id=\"5bad1ae4\" data-element_type=\"widget\" data-e-type=\"widget\" data-settings=\"{&quot;default_state&quot;:&quot;all_collapsed&quot;,&quot;max_items_expended&quot;:&quot;one&quot;,&quot;n_accordion_animation_duration&quot;:{&quot;unit&quot;:&quot;ms&quot;,&quot;size&quot;:400,&quot;sizes&quot;:[]}}\" data-widget_type=\"nested-accordion.default\">\n\t\t\t\t<div class=\"elementor-widget-container\">\n\t\t\t\t\t\t\t<div class=\"e-n-accordion\" aria-label=\"Accordion. Open links with Enter or Space, close with Escape, and navigate with Arrow Keys\">\n\t\t\t\t\t\t<details id=\"e-n-accordion-item-1530\" class=\"e-n-accordion-item\" >\n\t\t\t\t<summary class=\"e-n-accordion-item-title\" data-accordion-index=\"1\" tabindex=\"0\" aria-expanded=\"false\" aria-controls=\"e-n-accordion-item-1530\" >\n\t\t\t\t\t<span class='e-n-accordion-item-title-header'><div class=\"e-n-accordion-item-title-text\">  \u00bfQu\u00e9 es SAP Business One? <\/div><\/span>\n\t\t\t\t\t\t\t\t\t<\/summary>\n\t\t\t\t<div data-particle_enable=\"false\" data-particle-mobile-disabled=\"false\" role=\"region\" aria-labelledby=\"e-n-accordion-item-1530\" class=\"elementor-element elementor-element-1b6dd70 e-con-full e-flex e-con e-child\" data-id=\"1b6dd70\" data-element_type=\"container\" data-e-type=\"container\">\n\t\t<div data-particle_enable=\"false\" data-particle-mobile-disabled=\"false\" role=\"region\" aria-labelledby=\"e-n-accordion-item-1530\" class=\"elementor-element elementor-element-3421ed87 e-flex e-con-boxed e-con e-child\" data-id=\"3421ed87\" data-element_type=\"container\" data-e-type=\"container\">\n\t\t\t\t\t<div class=\"e-con-inner\">\n\t\t\t\t<div class=\"elementor-element elementor-element-531c120e elementor-widget elementor-widget-text-editor\" data-id=\"531c120e\" data-element_type=\"widget\" data-e-type=\"widget\" data-widget_type=\"text-editor.default\">\n\t\t\t\t<div class=\"elementor-widget-container\">\n\t\t\t\t\t\t\t\t\t<p>SAP Business One es un sistema de planificaci\u00f3n de recursos empresariales (ERP) dise\u00f1ado espec\u00edficamente para peque\u00f1as y medianas empresas. Integra todas las \u00e1reas de operaci\u00f3n, incluyendo finanzas, ventas, compras, inventario y gesti\u00f3n de relaciones con clientes, en una \u00fanica plataforma para optimizar la eficiencia y la toma de decisiones.<\/p><p><strong>\u00bfQu\u00e9 funcionalidades ofrece SAP Business One?<\/strong><\/p><p><u>SAP Business One incluye m\u00f3dulos para:<\/u><\/p><ul><li><u>Finanzas y contabilidad<\/u><\/li><li><u>Gesti\u00f3n de inventarios<\/u><\/li><li><u>Ventas y CRM<\/u><\/li><li><u>Compras<\/u><\/li><li><u>Producci\u00f3n<\/u><\/li><li><u>Informes y an\u00e1lisis<\/u><\/li><li><u>Movilidad<\/u><\/li><\/ul>\t\t\t\t\t\t\t\t<\/div>\n\t\t\t\t<\/div>\n\t\t\t\t\t<\/div>\n\t\t\t\t<\/div>\n\t\t\t\t<\/div>\n\t\t\t\t\t<\/details>\n\t\t\t\t\t\t<details id=\"e-n-accordion-item-1531\" class=\"e-n-accordion-item\" >\n\t\t\t\t<summary class=\"e-n-accordion-item-title\" data-accordion-index=\"2\" tabindex=\"-1\" aria-expanded=\"false\" aria-controls=\"e-n-accordion-item-1531\" >\n\t\t\t\t\t<span class='e-n-accordion-item-title-header'><div class=\"e-n-accordion-item-title-text\"> \u00bfEs posible personalizar SAP Business One seg\u00fan las necesidades de mi empresa? <\/div><\/span>\n\t\t\t\t\t\t\t\t\t<\/summary>\n\t\t\t\t<div data-particle_enable=\"false\" data-particle-mobile-disabled=\"false\" role=\"region\" aria-labelledby=\"e-n-accordion-item-1531\" class=\"elementor-element elementor-element-40cbd8f1 e-con-full e-flex e-con e-child\" data-id=\"40cbd8f1\" data-element_type=\"container\" data-e-type=\"container\">\n\t\t<div data-particle_enable=\"false\" data-particle-mobile-disabled=\"false\" role=\"region\" aria-labelledby=\"e-n-accordion-item-1531\" class=\"elementor-element elementor-element-22a1cf65 e-flex e-con-boxed e-con e-child\" data-id=\"22a1cf65\" data-element_type=\"container\" data-e-type=\"container\">\n\t\t\t\t\t<div class=\"e-con-inner\">\n\t\t\t\t<div class=\"elementor-element elementor-element-761ec9c5 elementor-widget elementor-widget-text-editor\" data-id=\"761ec9c5\" data-element_type=\"widget\" data-e-type=\"widget\" data-widget_type=\"text-editor.default\">\n\t\t\t\t<div class=\"elementor-widget-container\">\n\t\t\t\t\t\t\t\t\t<p>S\u00ed, SAP Business One es altamente personalizable. Puedes ajustar m\u00f3dulos, crear informes espec\u00edficos y desarrollar <em>complementos<\/em> para satisfacer los requisitos \u00fanicos de tu negocio.<\/p>\t\t\t\t\t\t\t\t<\/div>\n\t\t\t\t<\/div>\n\t\t\t\t\t<\/div>\n\t\t\t\t<\/div>\n\t\t\t\t<\/div>\n\t\t\t\t\t<\/details>\n\t\t\t\t\t\t<details id=\"e-n-accordion-item-1532\" class=\"e-n-accordion-item\" >\n\t\t\t\t<summary class=\"e-n-accordion-item-title\" data-accordion-index=\"3\" tabindex=\"-1\" aria-expanded=\"false\" aria-controls=\"e-n-accordion-item-1532\" >\n\t\t\t\t\t<span class='e-n-accordion-item-title-header'><div class=\"e-n-accordion-item-title-text\"> \u00bfCu\u00e1nto tiempo tomar\u00e1 implementar SAP Business One? <\/div><\/span>\n\t\t\t\t\t\t\t\t\t<\/summary>\n\t\t\t\t<div data-particle_enable=\"false\" data-particle-mobile-disabled=\"false\" role=\"region\" aria-labelledby=\"e-n-accordion-item-1532\" class=\"elementor-element elementor-element-1f2ffe9b e-con-full e-flex e-con e-child\" data-id=\"1f2ffe9b\" data-element_type=\"container\" data-e-type=\"container\">\n\t\t<div data-particle_enable=\"false\" data-particle-mobile-disabled=\"false\" role=\"region\" aria-labelledby=\"e-n-accordion-item-1532\" class=\"elementor-element elementor-element-6391baf2 e-flex e-con-boxed e-con e-child\" data-id=\"6391baf2\" data-element_type=\"container\" data-e-type=\"container\">\n\t\t\t\t\t<div class=\"e-con-inner\">\n\t\t\t\t<div class=\"elementor-element elementor-element-326b5971 elementor-widget elementor-widget-text-editor\" data-id=\"326b5971\" data-element_type=\"widget\" data-e-type=\"widget\" data-widget_type=\"text-editor.default\">\n\t\t\t\t<div class=\"elementor-widget-container\">\n\t\t\t\t\t\t\t\t\t<p>El tiempo de implementaci\u00f3n var\u00eda seg\u00fan la industria del proyecto y el tama\u00f1o de la empresa, pero generalmente puede tomar entre 6 a 9 meses.<\/p>\t\t\t\t\t\t\t\t<\/div>\n\t\t\t\t<\/div>\n\t\t\t\t\t<\/div>\n\t\t\t\t<\/div>\n\t\t\t\t<\/div>\n\t\t\t\t\t<\/details>\n\t\t\t\t\t<\/div>\n\t\t\t\t\t\t<\/div>\n\t\t\t\t<\/div>\n\t\t\t\t\t<\/div>\n\t\t\t\t<\/div>\n\t\t<div data-particle_enable=\"false\" data-particle-mobile-disabled=\"false\" class=\"elementor-element elementor-element-eebc5a2 e-flex e-con-boxed e-con e-parent\" data-id=\"eebc5a2\" data-element_type=\"container\" data-e-type=\"container\">\n\t\t\t\t\t<div class=\"e-con-inner\">\n\t\t\t\t<div class=\"elementor-element elementor-element-f71b3e4 elementor-widget elementor-widget-spacer\" data-id=\"f71b3e4\" data-element_type=\"widget\" data-e-type=\"widget\" data-widget_type=\"spacer.default\">\n\t\t\t\t<div class=\"elementor-widget-container\">\n\t\t\t\t\t\t\t<div class=\"elementor-spacer\">\n\t\t\t<div class=\"elementor-spacer-inner\"><\/div>\n\t\t<\/div>\n\t\t\t\t\t\t<\/div>\n\t\t\t\t<\/div>\n\t\t\t\t\t<\/div>\n\t\t\t\t<\/div>\n\t\t\t\t<\/div>\n\t\t","protected":false},"excerpt":{"rendered":"<p>Software ERP Agr\u00edcola Agendar Demostraci\u00f3n Solicitar Cat\u00e1logo Ofrecemos soluciones innovadoras y eficientes para impulsar el \u00e9xito del agronegocio, optimizando cada etapa de la cadena productiva. \u00a0 El software para Agroindustria incluye m\u00f3dulos que abarcan todas las operaciones agroindustriales, desde las labores del campo, la cosecha, empaque y producci\u00f3n de frutas y hortalizas, su palletizado y [&hellip;]<\/p>\n","protected":false},"author":1,"featured_media":0,"parent":2024,"menu_order":0,"comment_status":"closed","ping_status":"closed","template":"","meta":{"site-sidebar-layout":"no-sidebar","site-content-layout":"page-builder","ast-site-content-layout":"full-width-container","site-content-style":"default","site-sidebar-style":"default","ast-global-header-display":"","ast-banner-title-visibility":"","ast-main-header-display":"","ast-hfb-above-header-display":"","ast-hfb-below-header-display":"","ast-hfb-mobile-header-display":"","site-post-title":"disabled","ast-breadcrumbs-content":"","ast-featured-img":"disabled","footer-sml-layout":"","ast-disable-related-posts":"","theme-transparent-header-meta":"default","adv-header-id-meta":"","stick-header-meta":"","header-above-stick-meta":"","header-main-stick-meta":"","header-below-stick-meta":"","astra-migrate-meta-layouts":"set","ast-page-background-enabled":"default","ast-page-background-meta":{"desktop":{"background-color":"var(--ast-global-color-5)","background-image":"","background-repeat":"repeat","background-position":"center center","background-size":"auto","background-attachment":"scroll","background-type":"","background-media":"","overlay-type":"","overlay-color":"","overlay-opacity":"","overlay-gradient":""},"tablet":{"background-color":"","background-image":"","background-repeat":"repeat","background-position":"center center","background-size":"auto","background-attachment":"scroll","background-type":"","background-media":"","overlay-type":"","overlay-color":"","overlay-opacity":"","overlay-gradient":""},"mobile":{"background-color":"","background-image":"","background-repeat":"repeat","background-position":"center center","background-size":"auto","background-attachment":"scroll","background-type":"","background-media":"","overlay-type":"","overlay-color":"","overlay-opacity":"","overlay-gradient":""}},"ast-content-background-meta":{"desktop":{"background-color":"var(--ast-global-color-4)","background-image":"","background-repeat":"repeat","background-position":"center center","background-size":"auto","background-attachment":"scroll","background-type":"","background-media":"","overlay-type":"","overlay-color":"","overlay-opacity":"","overlay-gradient":""},"tablet":{"background-color":"var(--ast-global-color-4)","background-image":"","background-repeat":"repeat","background-position":"center center","background-size":"auto","background-attachment":"scroll","background-type":"","background-media":"","overlay-type":"","overlay-color":"","overlay-opacity":"","overlay-gradient":""},"mobile":{"background-color":"var(--ast-global-color-4)","background-image":"","background-repeat":"repeat","background-position":"center center","background-size":"auto","background-attachment":"scroll","background-type":"","background-media":"","overlay-type":"","overlay-color":"","overlay-opacity":"","overlay-gradient":""}},"footnotes":""},"class_list":["post-3555","page","type-page","status-publish","hentry"],"_links":{"self":[{"href":"https:\/\/aws-server.site\/exxis\/wp-json\/wp\/v2\/pages\/3555","targetHints":{"allow":["GET"]}}],"collection":[{"href":"https:\/\/aws-server.site\/exxis\/wp-json\/wp\/v2\/pages"}],"about":[{"href":"https:\/\/aws-server.site\/exxis\/wp-json\/wp\/v2\/types\/page"}],"author":[{"embeddable":true,"href":"https:\/\/aws-server.site\/exxis\/wp-json\/wp\/v2\/users\/1"}],"replies":[{"embeddable":true,"href":"https:\/\/aws-server.site\/exxis\/wp-json\/wp\/v2\/comments?post=3555"}],"version-history":[{"count":82,"href":"https:\/\/aws-server.site\/exxis\/wp-json\/wp\/v2\/pages\/3555\/revisions"}],"predecessor-version":[{"id":5514,"href":"https:\/\/aws-server.site\/exxis\/wp-json\/wp\/v2\/pages\/3555\/revisions\/5514"}],"up":[{"embeddable":true,"href":"https:\/\/aws-server.site\/exxis\/wp-json\/wp\/v2\/pages\/2024"}],"wp:attachment":[{"href":"https:\/\/aws-server.site\/exxis\/wp-json\/wp\/v2\/media?parent=3555"}],"curies":[{"name":"wp","href":"https:\/\/api.w.org\/{rel}","templated":true}]}}