{"id":3552,"date":"2024-12-05T07:41:13","date_gmt":"2024-12-05T06:41:13","guid":{"rendered":"https:\/\/asismarka.com\/exxis\/?page_id=3552"},"modified":"2025-08-24T08:32:40","modified_gmt":"2025-08-24T06:32:40","slug":"software-erp-renting","status":"publish","type":"page","link":"https:\/\/aws-server.site\/exxis\/soluciones\/software-erp-renting\/","title":{"rendered":"ERP Renting"},"content":{"rendered":"\t\t<div data-elementor-type=\"wp-page\" data-elementor-id=\"3552\" class=\"elementor elementor-3552\" data-elementor-post-type=\"page\">\n\t\t\t\t<div data-particle_enable=\"false\" data-particle-mobile-disabled=\"false\" class=\"elementor-element elementor-element-1d75e1b e-flex e-con-boxed e-con e-parent\" data-id=\"1d75e1b\" data-element_type=\"container\" data-e-type=\"container\">\n\t\t\t\t\t<div class=\"e-con-inner\">\n\t\t<div data-particle_enable=\"false\" data-particle-mobile-disabled=\"false\" class=\"elementor-element elementor-element-9a41fed e-con-full e-flex e-con e-child\" data-id=\"9a41fed\" data-element_type=\"container\" data-e-type=\"container\">\n\t\t<div data-particle_enable=\"false\" data-particle-mobile-disabled=\"false\" class=\"elementor-element elementor-element-843bcfd e-con-full e-flex e-con e-child\" data-id=\"843bcfd\" data-element_type=\"container\" data-e-type=\"container\" data-settings=\"{&quot;background_background&quot;:&quot;classic&quot;}\">\n\t\t\t\t<div class=\"elementor-element elementor-element-1f2b580 elementor-widget elementor-widget-text-editor\" data-id=\"1f2b580\" data-element_type=\"widget\" data-e-type=\"widget\" data-widget_type=\"text-editor.default\">\n\t\t\t\t<div class=\"elementor-widget-container\">\n\t\t\t\t\t\t\t\t\t<h1 style=\"text-align: center;\"><strong><span style=\"color: #ffffff;\">Software ERP<\/span><\/strong><\/h1><div><strong><span style=\"color: #ffffff;\">x Rental<\/span><\/strong><\/div>\t\t\t\t\t\t\t\t<\/div>\n\t\t\t\t<\/div>\n\t\t\t\t<div class=\"elementor-element elementor-element-eb497ce e-transform elementor-widget-divider--view-line elementor-widget elementor-widget-divider\" data-id=\"eb497ce\" data-element_type=\"widget\" data-e-type=\"widget\" data-settings=\"{&quot;_transform_rotateZ_effect&quot;:{&quot;unit&quot;:&quot;px&quot;,&quot;size&quot;:-90,&quot;sizes&quot;:[]},&quot;_transform_rotateZ_effect_tablet&quot;:{&quot;unit&quot;:&quot;deg&quot;,&quot;size&quot;:&quot;&quot;,&quot;sizes&quot;:[]},&quot;_transform_rotateZ_effect_mobile&quot;:{&quot;unit&quot;:&quot;deg&quot;,&quot;size&quot;:&quot;&quot;,&quot;sizes&quot;:[]}}\" data-widget_type=\"divider.default\">\n\t\t\t\t<div class=\"elementor-widget-container\">\n\t\t\t\t\t\t\t<div class=\"elementor-divider\">\n\t\t\t<span class=\"elementor-divider-separator\">\n\t\t\t\t\t\t<\/span>\n\t\t<\/div>\n\t\t\t\t\t\t<\/div>\n\t\t\t\t<\/div>\n\t\t\t\t<\/div>\n\t\t\t\t<\/div>\n\t\t\t\t\t<\/div>\n\t\t\t\t<\/div>\n\t\t<div data-particle_enable=\"false\" data-particle-mobile-disabled=\"false\" class=\"elementor-element elementor-element-530ef32 e-flex e-con-boxed e-con e-parent\" data-id=\"530ef32\" data-element_type=\"container\" data-e-type=\"container\">\n\t\t\t\t\t<div class=\"e-con-inner\">\n\t\t\t\t<div class=\"elementor-element elementor-element-c70957c elementor-widget elementor-widget-text-editor\" data-id=\"c70957c\" data-element_type=\"widget\" data-e-type=\"widget\" data-widget_type=\"text-editor.default\">\n\t\t\t\t<div class=\"elementor-widget-container\">\n\t\t\t\t\t\t\t\t\t<h2><strong>Optima el alquiler de tus activos con Software Especializados en SAP Business One | x Rental.<\/strong><\/h2>\n<p>\u00bfTodav\u00eda gestionas los contratos de alquiler, accesorios, servicios recurrentes, n\u00fameros de serie, retornos y la facturaci\u00f3n tanto puntual como recurrente con excel o soluciones desconectadas del resto de tu operaci\u00f3n?<\/p>\n<p><strong>x-<\/strong><strong>R<\/strong><strong>ental<\/strong>&nbsp;es la soluci\u00f3n definitiva para digitalizar&nbsp;y automatizar&nbsp;toda tu operaci\u00f3n de alquiler&nbsp;de activos, integrada directamente con&nbsp;<strong>SAP Business One<\/strong>. Ya est\u00e1 siendo utilizada por&nbsp;empresas l\u00edderes para ganar eficiencia, trazabilidad y control total en cada etapa del proceso.<\/p><p><br><\/p>\n<p><\/p>\n<h3>Digitaliza todo el ciclo de alquiler: desde la cotizaci\u00f3n hasta la devoluci\u00f3n.<\/h3>\n<p>Con&nbsp;<strong>x-Rental<\/strong>, puedes gestionar&nbsp;de forma centralizada todo el flujo operativo del alquiler: contratos, entregas,&nbsp;retornos, facturaci\u00f3n puntual o&nbsp;recurrente, accesorios, seguros y m\u00e1s. Todo en una sola plataforma 100% integrada con SAP Business One.<\/p><p><br><\/p>\n<p><\/p>\n<h3>Principales problemas que resuelve x-Rental, nuestro software de alquiler de activos:<\/h3>\n<ol>\n<li>\n<p>Descontrol en inventario, reservas y disponibilidad<\/p>\n<\/li>\n<li>\n<p>Gesti\u00f3n manual de contratos y devoluciones<\/p>\n<\/li>\n<li>\n<p>Facturaci\u00f3n lenta, imprecisa y con errores<\/p>\n<\/li>\n<li>\n<p>Falta de visibilidad y control financiero<\/p>\n<\/li>\n<li>\n<p>Procesos desconectados entre \u00e1reas<\/p>\n<\/li>\n<\/ol>\n<h3>Funcionalidades clave del ERP para empresas de alquiler:<\/h3>\n<p style=\"padding-left: 40px;\"><img decoding=\"async\" draggable=\"false\" role=\"img\" class=\"emoji\" alt=\"\u2705\" src=\"https:\/\/s.w.org\/images\/core\/emoji\/16.0.1\/svg\/2705.svg\"> Gesti\u00f3n centralizada de contratos<\/p>\n<p style=\"padding-left: 40px;\"><img decoding=\"async\" draggable=\"false\" role=\"img\" class=\"emoji\" alt=\"\u2705\" src=\"https:\/\/s.w.org\/images\/core\/emoji\/16.0.1\/svg\/2705.svg\"> Control de stock por estado y ubicaci\u00f3n<\/p>\n<p style=\"padding-left: 40px;\"><img decoding=\"async\" draggable=\"false\" role=\"img\" class=\"emoji\" alt=\"\u2705\" src=\"https:\/\/s.w.org\/images\/core\/emoji\/16.0.1\/svg\/2705.svg\"> Alquiler por \u00edtem serializado y accesorios<\/p>\n<p style=\"padding-left: 40px;\"><img decoding=\"async\" draggable=\"false\" role=\"img\" class=\"emoji\" alt=\"\u2705\" src=\"https:\/\/s.w.org\/images\/core\/emoji\/16.0.1\/svg\/2705.svg\"> Pre-reservas integradas al ciclo de venta<\/p>\n<p style=\"padding-left: 40px;\"><img decoding=\"async\" draggable=\"false\" role=\"img\" class=\"emoji\" alt=\"\u2705\" src=\"https:\/\/s.w.org\/images\/core\/emoji\/16.0.1\/svg\/2705.svg\"> Facturaci\u00f3n masiva y automatizada<\/p>\n<p style=\"padding-left: 40px;\"><img decoding=\"async\" draggable=\"false\" role=\"img\" class=\"emoji\" alt=\"\u2705\" src=\"https:\/\/s.w.org\/images\/core\/emoji\/16.0.1\/svg\/2705.svg\"> Log\u00edstica y administraci\u00f3n automatizadas<\/p>\n<p style=\"padding-left: 40px;\"><img decoding=\"async\" draggable=\"false\" role=\"img\" class=\"emoji\" alt=\"\u2705\" src=\"https:\/\/s.w.org\/images\/core\/emoji\/16.0.1\/svg\/2705.svg\"> Visualizaci\u00f3n de disponibilidad y reportes din\u00e1micos<\/p>\n<p style=\"padding-left: 40px;\"><img decoding=\"async\" draggable=\"false\" role=\"img\" class=\"emoji\" alt=\"\u2705\" src=\"https:\/\/s.w.org\/images\/core\/emoji\/16.0.1\/svg\/2705.svg\"> Gesti\u00f3n de multi-empresa y multi-sucursal<\/p>\n<p style=\"padding-left: 40px;\"><br><\/p>\n<p><\/p>\n<h3>Beneficios concretos para tu empresa de alquiler:<\/h3>\n<p style=\"padding-left: 40px;\"><img decoding=\"async\" class=\"emoji\" role=\"img\" draggable=\"false\" src=\"https:\/\/s.w.org\/images\/core\/emoji\/16.0.1\/svg\/2705.svg\" alt=\"\u2705\"> Reducci\u00f3n de errores en facturaci\u00f3n y stock&nbsp;<\/p>\n<p style=\"padding-left: 40px;\"><img decoding=\"async\" class=\"emoji\" role=\"img\" draggable=\"false\" src=\"https:\/\/s.w.org\/images\/core\/emoji\/16.0.1\/svg\/2705.svg\" alt=\"\u2705\"> Agiliza las entregas y retornos con trazabilidad completa&nbsp;<\/p>\n<p style=\"padding-left: 40px;\"><img decoding=\"async\" class=\"emoji\" role=\"img\" draggable=\"false\" src=\"https:\/\/s.w.org\/images\/core\/emoji\/16.0.1\/svg\/2705.svg\" alt=\"\u2705\"> Centralizaci\u00f3n de almacenes y delegaciones<\/p>\n<p style=\"padding-left: 40px;\"><img decoding=\"async\" class=\"emoji\" role=\"img\" draggable=\"false\" src=\"https:\/\/s.w.org\/images\/core\/emoji\/16.0.1\/svg\/2705.svg\" alt=\"\u2705\"> Flujo de caja mejorado con facturaci\u00f3n&nbsp;recurrente<\/p>\n<p style=\"padding-left: 40px;\"><img decoding=\"async\" class=\"emoji\" role=\"img\" draggable=\"false\" src=\"https:\/\/s.w.org\/images\/core\/emoji\/16.0.1\/svg\/2705.svg\" alt=\"\u2705\"> Planificaci\u00f3n eficiente de eventos y&nbsp;reservas<\/p>\n<p style=\"padding-left: 40px;\"><img decoding=\"async\" class=\"emoji\" role=\"img\" draggable=\"false\" src=\"https:\/\/s.w.org\/images\/core\/emoji\/16.0.1\/svg\/2705.svg\" alt=\"\u2705\"> Trazabilidad completa SAP para auditor\u00edas<\/p>\n<p style=\"padding-left: 40px;\"><img decoding=\"async\" class=\"emoji\" role=\"img\" draggable=\"false\" src=\"https:\/\/s.w.org\/images\/core\/emoji\/16.0.1\/svg\/2705.svg\" alt=\"\u2705\"> Se adapta a tu modelo de negocio<\/p>\n<p style=\"padding-left: 40px;\"><br><\/p>\n<p style=\"padding-left: 40px;\">\n<\/p><h3>Funcionalidades Destacadas:<\/h3>\n<ul>\n<li>Control de las existencias en estado de arriendo, para todos los bienes serializados.<\/li>\n<li>Incorporaci\u00f3n de bienes accesorios, que forman parte del servicio.<\/li>\n<li>El servicio de arriendo genera los per\u00edodos de facturaci\u00f3n con base en c\u00e1lculos cronol\u00f3gicos,&nbsp; desde la entrega hasta su retorno.<\/li>\n<li>La selecci\u00f3n de unidades de tiempo (d\u00eda\/mes) es configurable por el usuario.<\/li>\n<li>La trazabilidad de las operaciones es interna y enlaza todos los documentos involucrados en el ciclo de arriendo y venta.<\/li>\n<\/ul>\n<p><strong>\u00bfListo para potenciar tu negocio de alquiler? <\/strong>Agenda una demo y conoce c\u00f3mo x-Rental para SAP Business One te permite tener una empresa m\u00e1s controlada, \u00e1gil y rentable.<\/p><p><br><\/p>\n<p><\/p>\n<h3>Sectores que ya usan x-Rental:<\/h3>\n<ul>\n<li>Alquiler de mobiliario Vajilla para eventos.<\/li>\n<li>Alquiler de inflables y atracciones para eventos.<\/li>\n<li>Alquiler de equipos profesionales (audiovisuales, luces, drones&#8230;)<\/li>\n<li>Alquiler de equipos deportivos.<\/li>\n<li>Alquiler de herramientas profesionales.<\/li>\n<li>Alquiler de Maquinaria industrial y veh\u00edculos.<\/li>\n<li>Alquiler de embarcaciones (lanchas, yates, motos de agua).<\/li>\n<li>Alquiler de trasteros y espacios de almacenamiento<\/li>\n<li>Alquiler de ropa y trajes (fiesta, ceremonia, lujo, disfraces).<\/li>\n<li>Alquiler de dispositivos tecnol\u00f3gicos (ordenadores, tablets, m\u00f3viles).<\/li>\n<li>Alquiler de instrumentos musicales.<\/li>\n<li>Alquiler de se\u00f1ales de tr\u00e1fico y vallado temporal.<\/li>\n<li>Fabricaci\u00f3n y alquiler Modular, contenedores y casas prefabricadas.<\/li>\n<li>Alquiler de Andamios y encofrados.<\/li>\n<li>Alquiler de Ba\u00f1os qu\u00edmicos.<\/li>\n<li>Gesti\u00f3n de Almacenes log\u00edsticos, oficinas, centros comerciales, departamentos.<\/li>\n<\/ul>\t\t\t\t\t\t\t\t<\/div>\n\t\t\t\t<\/div>\n\t\t\t\t<div class=\"elementor-element elementor-element-9d8ed09 e-transform elementor-widget-divider--view-line elementor-widget elementor-widget-divider\" data-id=\"9d8ed09\" data-element_type=\"widget\" data-e-type=\"widget\" data-settings=\"{&quot;_transform_rotateZ_effect&quot;:{&quot;unit&quot;:&quot;px&quot;,&quot;size&quot;:-90,&quot;sizes&quot;:[]},&quot;_transform_rotateZ_effect_tablet&quot;:{&quot;unit&quot;:&quot;deg&quot;,&quot;size&quot;:&quot;&quot;,&quot;sizes&quot;:[]},&quot;_transform_rotateZ_effect_mobile&quot;:{&quot;unit&quot;:&quot;deg&quot;,&quot;size&quot;:&quot;&quot;,&quot;sizes&quot;:[]}}\" data-widget_type=\"divider.default\">\n\t\t\t\t<div class=\"elementor-widget-container\">\n\t\t\t\t\t\t\t<div class=\"elementor-divider\">\n\t\t\t<span class=\"elementor-divider-separator\">\n\t\t\t\t\t\t<\/span>\n\t\t<\/div>\n\t\t\t\t\t\t<\/div>\n\t\t\t\t<\/div>\n\t\t\t\t<div class=\"elementor-element elementor-element-8dbea2a elementor-widget elementor-widget-text-editor\" data-id=\"8dbea2a\" data-element_type=\"widget\" data-e-type=\"widget\" data-widget_type=\"text-editor.default\">\n\t\t\t\t<div class=\"elementor-widget-container\">\n\t\t\t\t\t\t\t\t\t<h2>Preguntas frecuentes sobre <span style=\"color: #004dcc;\">ERP Renting<\/span><\/h2>\t\t\t\t\t\t\t\t<\/div>\n\t\t\t\t<\/div>\n\t\t\t\t\t<\/div>\n\t\t\t\t<\/div>\n\t\t<div data-particle_enable=\"false\" data-particle-mobile-disabled=\"false\" class=\"elementor-element elementor-element-410afe90 e-flex e-con-boxed e-con e-parent\" data-id=\"410afe90\" data-element_type=\"container\" data-e-type=\"container\">\n\t\t\t\t\t<div class=\"e-con-inner\">\n\t\t\t\t<div class=\"elementor-element elementor-element-15030bcc elementor-widget elementor-widget-n-accordion\" data-id=\"15030bcc\" data-element_type=\"widget\" data-e-type=\"widget\" data-settings=\"{&quot;default_state&quot;:&quot;expanded&quot;,&quot;max_items_expended&quot;:&quot;one&quot;,&quot;n_accordion_animation_duration&quot;:{&quot;unit&quot;:&quot;ms&quot;,&quot;size&quot;:400,&quot;sizes&quot;:[]}}\" data-widget_type=\"nested-accordion.default\">\n\t\t\t\t<div class=\"elementor-widget-container\">\n\t\t\t\t\t\t\t<div class=\"e-n-accordion\" aria-label=\"Accordion. Open links with Enter or Space, close with Escape, and navigate with Arrow Keys\">\n\t\t\t\t\t\t<details id=\"e-n-accordion-item-3520\" class=\"e-n-accordion-item\" open>\n\t\t\t\t<summary class=\"e-n-accordion-item-title\" data-accordion-index=\"1\" tabindex=\"0\" aria-expanded=\"true\" aria-controls=\"e-n-accordion-item-3520\" >\n\t\t\t\t\t<span class='e-n-accordion-item-title-header'><div class=\"e-n-accordion-item-title-text\">  \u00bfQu\u00e9 es SAP Business One? <\/div><\/span>\n\t\t\t\t\t\t\t\t\t<\/summary>\n\t\t\t\t<div data-particle_enable=\"false\" data-particle-mobile-disabled=\"false\" role=\"region\" aria-labelledby=\"e-n-accordion-item-3520\" class=\"elementor-element elementor-element-71754ddf e-con-full e-flex e-con e-child\" data-id=\"71754ddf\" data-element_type=\"container\" data-e-type=\"container\">\n\t\t<div data-particle_enable=\"false\" data-particle-mobile-disabled=\"false\" role=\"region\" aria-labelledby=\"e-n-accordion-item-3520\" class=\"elementor-element elementor-element-68d8e16c e-flex e-con-boxed e-con e-child\" data-id=\"68d8e16c\" data-element_type=\"container\" data-e-type=\"container\">\n\t\t\t\t\t<div class=\"e-con-inner\">\n\t\t\t\t<div class=\"elementor-element elementor-element-4c67e95b elementor-widget elementor-widget-text-editor\" data-id=\"4c67e95b\" data-element_type=\"widget\" data-e-type=\"widget\" data-widget_type=\"text-editor.default\">\n\t\t\t\t<div class=\"elementor-widget-container\">\n\t\t\t\t\t\t\t\t\t<p>SAP Business One es un sistema de planificaci\u00f3n de recursos empresariales (ERP) dise\u00f1ado espec\u00edficamente para peque\u00f1as y medianas empresas. Integra todas las \u00e1reas de operaci\u00f3n, incluyendo finanzas, ventas, compras, inventario y gesti\u00f3n de relaciones con clientes, en una \u00fanica plataforma para optimizar la eficiencia y la toma de decisiones.<\/p><p><strong>\u00bfQu\u00e9 funcionalidades ofrece SAP Business One?<\/strong><\/p><p><u>SAP Business One incluye m\u00f3dulos para:<\/u><\/p><ul><li><u>Finanzas y contabilidad<\/u><\/li><li><u>Gesti\u00f3n de inventarios<\/u><\/li><li><u>Ventas y CRM<\/u><\/li><li><u>Compras<\/u><\/li><li><u>Producci\u00f3n<\/u><\/li><li><u>Informes y an\u00e1lisis<\/u><\/li><li><u>Movilidad<\/u><\/li><\/ul>\t\t\t\t\t\t\t\t<\/div>\n\t\t\t\t<\/div>\n\t\t\t\t\t<\/div>\n\t\t\t\t<\/div>\n\t\t\t\t<\/div>\n\t\t\t\t\t<\/details>\n\t\t\t\t\t\t<details id=\"e-n-accordion-item-3521\" class=\"e-n-accordion-item\" >\n\t\t\t\t<summary class=\"e-n-accordion-item-title\" data-accordion-index=\"2\" tabindex=\"-1\" aria-expanded=\"false\" aria-controls=\"e-n-accordion-item-3521\" >\n\t\t\t\t\t<span class='e-n-accordion-item-title-header'><div class=\"e-n-accordion-item-title-text\"> \u00bfEs posible personalizar SAP Business One seg\u00fan las necesidades de mi empresa? <\/div><\/span>\n\t\t\t\t\t\t\t\t\t<\/summary>\n\t\t\t\t<div data-particle_enable=\"false\" data-particle-mobile-disabled=\"false\" role=\"region\" aria-labelledby=\"e-n-accordion-item-3521\" class=\"elementor-element elementor-element-6406f38a e-con-full e-flex e-con e-child\" data-id=\"6406f38a\" data-element_type=\"container\" data-e-type=\"container\">\n\t\t<div data-particle_enable=\"false\" data-particle-mobile-disabled=\"false\" role=\"region\" aria-labelledby=\"e-n-accordion-item-3521\" class=\"elementor-element elementor-element-42797a64 e-flex e-con-boxed e-con e-child\" data-id=\"42797a64\" data-element_type=\"container\" data-e-type=\"container\">\n\t\t\t\t\t<div class=\"e-con-inner\">\n\t\t\t\t<div class=\"elementor-element elementor-element-524fa1c3 elementor-widget elementor-widget-text-editor\" data-id=\"524fa1c3\" data-element_type=\"widget\" data-e-type=\"widget\" data-widget_type=\"text-editor.default\">\n\t\t\t\t<div class=\"elementor-widget-container\">\n\t\t\t\t\t\t\t\t\t<p>S\u00ed, SAP Business One es altamente personalizable. Puedes ajustar m\u00f3dulos, crear informes espec\u00edficos y desarrollar <em>complementos<\/em> para satisfacer los requisitos \u00fanicos de tu negocio.<\/p>\t\t\t\t\t\t\t\t<\/div>\n\t\t\t\t<\/div>\n\t\t\t\t\t<\/div>\n\t\t\t\t<\/div>\n\t\t\t\t<\/div>\n\t\t\t\t\t<\/details>\n\t\t\t\t\t\t<details id=\"e-n-accordion-item-3522\" class=\"e-n-accordion-item\" >\n\t\t\t\t<summary class=\"e-n-accordion-item-title\" data-accordion-index=\"3\" tabindex=\"-1\" aria-expanded=\"false\" aria-controls=\"e-n-accordion-item-3522\" >\n\t\t\t\t\t<span class='e-n-accordion-item-title-header'><div class=\"e-n-accordion-item-title-text\"> \u00bfCu\u00e1nto tiempo tomar\u00e1 implementar SAP Business One? <\/div><\/span>\n\t\t\t\t\t\t\t\t\t<\/summary>\n\t\t\t\t<div data-particle_enable=\"false\" data-particle-mobile-disabled=\"false\" role=\"region\" aria-labelledby=\"e-n-accordion-item-3522\" class=\"elementor-element elementor-element-50a6cf66 e-con-full e-flex e-con e-child\" data-id=\"50a6cf66\" data-element_type=\"container\" data-e-type=\"container\">\n\t\t<div data-particle_enable=\"false\" data-particle-mobile-disabled=\"false\" role=\"region\" aria-labelledby=\"e-n-accordion-item-3522\" class=\"elementor-element elementor-element-654e9478 e-flex e-con-boxed e-con e-child\" data-id=\"654e9478\" data-element_type=\"container\" data-e-type=\"container\">\n\t\t\t\t\t<div class=\"e-con-inner\">\n\t\t\t\t<div class=\"elementor-element elementor-element-7cecd5ba elementor-widget elementor-widget-text-editor\" data-id=\"7cecd5ba\" data-element_type=\"widget\" data-e-type=\"widget\" data-widget_type=\"text-editor.default\">\n\t\t\t\t<div class=\"elementor-widget-container\">\n\t\t\t\t\t\t\t\t\t<p>El tiempo de implementaci\u00f3n var\u00eda seg\u00fan la industria del proyecto y el tama\u00f1o de la empresa, pero generalmente puede tomar entre 6 a 9 meses.<\/p>\t\t\t\t\t\t\t\t<\/div>\n\t\t\t\t<\/div>\n\t\t\t\t\t<\/div>\n\t\t\t\t<\/div>\n\t\t\t\t<\/div>\n\t\t\t\t\t<\/details>\n\t\t\t\t\t<\/div>\n\t\t\t\t\t\t<\/div>\n\t\t\t\t<\/div>\n\t\t\t\t\t<\/div>\n\t\t\t\t<\/div>\n\t\t<div data-particle_enable=\"false\" data-particle-mobile-disabled=\"false\" class=\"elementor-element elementor-element-a91b962 e-flex e-con-boxed e-con e-parent\" data-id=\"a91b962\" data-element_type=\"container\" data-e-type=\"container\">\n\t\t\t\t\t<div class=\"e-con-inner\">\n\t\t\t\t<div class=\"elementor-element elementor-element-43ff4c1 elementor-widget elementor-widget-spacer\" data-id=\"43ff4c1\" data-element_type=\"widget\" data-e-type=\"widget\" data-widget_type=\"spacer.default\">\n\t\t\t\t<div class=\"elementor-widget-container\">\n\t\t\t\t\t\t\t<div class=\"elementor-spacer\">\n\t\t\t<div class=\"elementor-spacer-inner\"><\/div>\n\t\t<\/div>\n\t\t\t\t\t\t<\/div>\n\t\t\t\t<\/div>\n\t\t\t\t\t<\/div>\n\t\t\t\t<\/div>\n\t\t\t\t<\/div>\n\t\t","protected":false},"excerpt":{"rendered":"<p>Software ERP x Rental Optima el alquiler de tus activos con Software Especializados en SAP Business One | x Rental. \u00bfTodav\u00eda gestionas los contratos de alquiler, accesorios, servicios recurrentes, n\u00fameros de serie, retornos y la facturaci\u00f3n tanto puntual como recurrente con excel o soluciones desconectadas del resto de tu operaci\u00f3n? x-Rental\u00a0es la soluci\u00f3n definitiva para [&hellip;]<\/p>\n","protected":false},"author":1,"featured_media":0,"parent":2024,"menu_order":0,"comment_status":"closed","ping_status":"closed","template":"","meta":{"site-sidebar-layout":"no-sidebar","site-content-layout":"page-builder","ast-site-content-layout":"full-width-container","site-content-style":"default","site-sidebar-style":"default","ast-global-header-display":"","ast-banner-title-visibility":"","ast-main-header-display":"","ast-hfb-above-header-display":"","ast-hfb-below-header-display":"","ast-hfb-mobile-header-display":"","site-post-title":"disabled","ast-breadcrumbs-content":"","ast-featured-img":"disabled","footer-sml-layout":"","ast-disable-related-posts":"","theme-transparent-header-meta":"default","adv-header-id-meta":"","stick-header-meta":"","header-above-stick-meta":"","header-main-stick-meta":"","header-below-stick-meta":"","astra-migrate-meta-layouts":"set","ast-page-background-enabled":"default","ast-page-background-meta":{"desktop":{"background-color":"var(--ast-global-color-5)","background-image":"","background-repeat":"repeat","background-position":"center center","background-size":"auto","background-attachment":"scroll","background-type":"","background-media":"","overlay-type":"","overlay-color":"","overlay-opacity":"","overlay-gradient":""},"tablet":{"background-color":"","background-image":"","background-repeat":"repeat","background-position":"center center","background-size":"auto","background-attachment":"scroll","background-type":"","background-media":"","overlay-type":"","overlay-color":"","overlay-opacity":"","overlay-gradient":""},"mobile":{"background-color":"","background-image":"","background-repeat":"repeat","background-position":"center center","background-size":"auto","background-attachment":"scroll","background-type":"","background-media":"","overlay-type":"","overlay-color":"","overlay-opacity":"","overlay-gradient":""}},"ast-content-background-meta":{"desktop":{"background-color":"var(--ast-global-color-4)","background-image":"","background-repeat":"repeat","background-position":"center center","background-size":"auto","background-attachment":"scroll","background-type":"","background-media":"","overlay-type":"","overlay-color":"","overlay-opacity":"","overlay-gradient":""},"tablet":{"background-color":"var(--ast-global-color-4)","background-image":"","background-repeat":"repeat","background-position":"center center","background-size":"auto","background-attachment":"scroll","background-type":"","background-media":"","overlay-type":"","overlay-color":"","overlay-opacity":"","overlay-gradient":""},"mobile":{"background-color":"var(--ast-global-color-4)","background-image":"","background-repeat":"repeat","background-position":"center center","background-size":"auto","background-attachment":"scroll","background-type":"","background-media":"","overlay-type":"","overlay-color":"","overlay-opacity":"","overlay-gradient":""}},"footnotes":""},"class_list":["post-3552","page","type-page","status-publish","hentry"],"_links":{"self":[{"href":"https:\/\/aws-server.site\/exxis\/wp-json\/wp\/v2\/pages\/3552","targetHints":{"allow":["GET"]}}],"collection":[{"href":"https:\/\/aws-server.site\/exxis\/wp-json\/wp\/v2\/pages"}],"about":[{"href":"https:\/\/aws-server.site\/exxis\/wp-json\/wp\/v2\/types\/page"}],"author":[{"embeddable":true,"href":"https:\/\/aws-server.site\/exxis\/wp-json\/wp\/v2\/users\/1"}],"replies":[{"embeddable":true,"href":"https:\/\/aws-server.site\/exxis\/wp-json\/wp\/v2\/comments?post=3552"}],"version-history":[{"count":59,"href":"https:\/\/aws-server.site\/exxis\/wp-json\/wp\/v2\/pages\/3552\/revisions"}],"predecessor-version":[{"id":5652,"href":"https:\/\/aws-server.site\/exxis\/wp-json\/wp\/v2\/pages\/3552\/revisions\/5652"}],"up":[{"embeddable":true,"href":"https:\/\/aws-server.site\/exxis\/wp-json\/wp\/v2\/pages\/2024"}],"wp:attachment":[{"href":"https:\/\/aws-server.site\/exxis\/wp-json\/wp\/v2\/media?parent=3552"}],"curies":[{"name":"wp","href":"https:\/\/api.w.org\/{rel}","templated":true}]}}