{"id":2024,"date":"2024-10-22T10:04:24","date_gmt":"2024-10-22T08:04:24","guid":{"rendered":"https:\/\/asismarka.com\/exxis\/?page_id=2024"},"modified":"2025-08-14T19:11:34","modified_gmt":"2025-08-14T17:11:34","slug":"soluciones","status":"publish","type":"page","link":"https:\/\/aws-server.site\/exxis\/soluciones\/","title":{"rendered":"Soluciones ERP"},"content":{"rendered":"\t\t<div data-elementor-type=\"wp-page\" data-elementor-id=\"2024\" class=\"elementor elementor-2024\" data-elementor-post-type=\"page\">\n\t\t\t\t<div data-particle_enable=\"false\" data-particle-mobile-disabled=\"false\" class=\"elementor-element elementor-element-1d75e1b e-flex e-con-boxed e-con e-parent\" data-id=\"1d75e1b\" data-element_type=\"container\" data-e-type=\"container\">\n\t\t\t\t\t<div class=\"e-con-inner\">\n\t\t<div data-particle_enable=\"false\" data-particle-mobile-disabled=\"false\" class=\"elementor-element elementor-element-9a41fed e-con-full e-flex e-con e-child\" data-id=\"9a41fed\" data-element_type=\"container\" data-e-type=\"container\">\n\t\t<div data-particle_enable=\"false\" data-particle-mobile-disabled=\"false\" class=\"elementor-element elementor-element-843bcfd e-con-full e-flex e-con e-child\" data-id=\"843bcfd\" data-element_type=\"container\" data-e-type=\"container\" data-settings=\"{&quot;background_background&quot;:&quot;classic&quot;}\">\n\t\t\t\t<div class=\"elementor-element elementor-element-1f2b580 elementor-widget elementor-widget-text-editor\" data-id=\"1f2b580\" data-element_type=\"widget\" data-e-type=\"widget\" data-widget_type=\"text-editor.default\">\n\t\t\t\t<div class=\"elementor-widget-container\">\n\t\t\t\t\t\t\t\t\t<h1 style=\"text-align: center;\"><span style=\"color: #ffffff;\">Soluciones ERP para empresas<\/span><\/h1>\t\t\t\t\t\t\t\t<\/div>\n\t\t\t\t<\/div>\n\t\t\t\t<div class=\"elementor-element elementor-element-eb497ce e-transform elementor-widget-divider--view-line elementor-widget elementor-widget-divider\" data-id=\"eb497ce\" data-element_type=\"widget\" data-e-type=\"widget\" data-settings=\"{&quot;_transform_rotateZ_effect&quot;:{&quot;unit&quot;:&quot;px&quot;,&quot;size&quot;:-90,&quot;sizes&quot;:[]},&quot;_transform_rotateZ_effect_tablet&quot;:{&quot;unit&quot;:&quot;deg&quot;,&quot;size&quot;:&quot;&quot;,&quot;sizes&quot;:[]},&quot;_transform_rotateZ_effect_mobile&quot;:{&quot;unit&quot;:&quot;deg&quot;,&quot;size&quot;:&quot;&quot;,&quot;sizes&quot;:[]}}\" data-widget_type=\"divider.default\">\n\t\t\t\t<div class=\"elementor-widget-container\">\n\t\t\t\t\t\t\t<div class=\"elementor-divider\">\n\t\t\t<span class=\"elementor-divider-separator\">\n\t\t\t\t\t\t<\/span>\n\t\t<\/div>\n\t\t\t\t\t\t<\/div>\n\t\t\t\t<\/div>\n\t\t\t\t<\/div>\n\t\t\t\t<\/div>\n\t\t\t\t\t<\/div>\n\t\t\t\t<\/div>\n\t\t<div data-particle_enable=\"false\" data-particle-mobile-disabled=\"false\" class=\"elementor-element elementor-element-530ef32 e-flex e-con-boxed e-con e-parent\" data-id=\"530ef32\" data-element_type=\"container\" data-e-type=\"container\">\n\t\t\t\t\t<div class=\"e-con-inner\">\n\t\t\t\t<div class=\"elementor-element elementor-element-c70957c elementor-widget elementor-widget-text-editor\" data-id=\"c70957c\" data-element_type=\"widget\" data-e-type=\"widget\" data-widget_type=\"text-editor.default\">\n\t\t\t\t<div class=\"elementor-widget-container\">\n\t\t\t\t\t\t\t\t\t<h2><strong>SAP BUSINESS ONE<\/strong><\/h2><p>Integra todas las funciones de su empresa en una soluci\u00f3n: gesti\u00f3n financiera, ventas, gesti\u00f3n de las relaciones con los clientes, e-commerce, gesti\u00f3n de inventarios y operaciones. A diferencia de otras opciones disponibles en el mercado, <strong>SAP Business One<\/strong> es una soluci\u00f3n ERP integral que elimina la necesidad de instalaciones separadas y la integraci\u00f3n de\u00a0 m\u00f3dulos.<\/p>\t\t\t\t\t\t\t\t<\/div>\n\t\t\t\t<\/div>\n\t\t\t\t<div class=\"elementor-element elementor-element-4b1a3fc elementor-widget elementor-widget-text-editor\" data-id=\"4b1a3fc\" data-element_type=\"widget\" data-e-type=\"widget\" data-widget_type=\"text-editor.default\">\n\t\t\t\t<div class=\"elementor-widget-container\">\n\t\t\t\t\t\t\t\t\t<h2><strong>SAP BUSINESS ONE CLOUD<\/strong><\/h2>\nPermite acceder a datos, aplicaciones y servicios a trav\u00e9s de internet. La implementac\u00ed\u00f3n en la nube elimina la necesidad de hardware costoso y permite a los usuarios trabajar desde cualquier lugar.\u00a0<span style=\"font-style: inherit; font-weight: inherit;\">M\u00e1s del 90% de las empresas ya est\u00e1n utilizando tecnolog\u00eda en la nube en un entorno p\u00fablico, privado o h\u00edbrido.<\/span>\n\n<span style=\"font-style: inherit; font-weight: inherit;\">\u00a0<\/span>\n<h3><span style=\"font-style: inherit; font-weight: inherit;\">Principales beneficios de operar en Cloud:<\/span><\/h3>\n<ul>\n \t<li>Rapidez: implementaci\u00f3n m\u00e1s r\u00e1pida, con menos costos iniciales.<\/li>\n \t<li>Flexibilidad: escale r\u00e1pidamente para satisfacer la demanda del software.<\/li>\n \t<li>Accesibilidad: pague solo por lo que usa y minimice los costos de hardware y TI.<\/li>\n \t<li>Disponibilidad: obtenga acceso 24\u00d77 al sistema desde cualquier lugar y desde cualquier equipo.<\/li>\n \t<li>Simplicidad: libere su equipo de TI de gestionar servidores y actualizar software.<\/li>\n \t<li style=\"font-size: 17px;\"><span style=\"font-style: inherit; font-weight: inherit;\">Acelera los ciclos de innovaci\u00f3n con actualizaciones m\u00e1s frecuentes y sin inconvenientes.<\/span><\/li>\n<\/ul>\t\t\t\t\t\t\t\t<\/div>\n\t\t\t\t<\/div>\n\t\t\t\t<div class=\"elementor-element elementor-element-6ab4f20 elementor-widget elementor-widget-text-editor\" data-id=\"6ab4f20\" data-element_type=\"widget\" data-e-type=\"widget\" data-widget_type=\"text-editor.default\">\n\t\t\t\t<div class=\"elementor-widget-container\">\n\t\t\t\t\t\t\t\t\t<h2><strong>SAP ANALYTICS CLOUD<\/strong><\/h2><p>La soluci\u00f3n SAP\u00ae Analytics Cloud redefine las anal\u00edticas en la nube, brindando funcionalidades de las anal\u00edticas a todos los usuarios.<\/p><p>SAP Analytics Cloud es una plataforma en la nube todo en uno, como SaaS para business intelligence, planificaci\u00f3n y anal\u00edticas predictivas. Da soporte al descubrimiento y visualizaci\u00f3n de datos, planificaci\u00f3n, simulaci\u00f3n, an\u00e1lisis hipot\u00e9ticos, proyecciones y muchas otras funcionalidades.<\/p><p>Desarrollada inicialmente en SAP Cloud Platform, brinda una experiencia de anal\u00edticas en la nube p\u00fablica integral, unificada y segura para maximizarla toma de decisiones basada en datos.<\/p>\t\t\t\t\t\t\t\t<\/div>\n\t\t\t\t<\/div>\n\t\t\t\t<div class=\"elementor-element elementor-element-3b5cb93 elementor-widget elementor-widget-text-editor\" data-id=\"3b5cb93\" data-element_type=\"widget\" data-e-type=\"widget\" data-widget_type=\"text-editor.default\">\n\t\t\t\t<div class=\"elementor-widget-container\">\n\t\t\t\t\t\t\t\t\t<h2><strong>SAP BUSINESS ONE HANA<\/strong><\/h2><p>Descubra estrategias y oportunidades para su empresa con la plataforma SAP HANA. Esta plataforma de computaci\u00f3n in-memory para an\u00e1lisis y aplicaciones en tiempo real es asequible, f\u00e1cil de usar y de r\u00e1pida implementaci\u00f3n.<\/p><ul><li>Almacenamiento 100% memoria.<\/li><li>Base de datos transaccional y anal\u00edtica.<\/li><li>M\u00e1ximo aprovechamiento de procesadores.<\/li><li>Entrega de valor inmediato.<\/li><li>F\u00e1cil creaci\u00f3n de\u00a0 reportes.<\/li><\/ul>\t\t\t\t\t\t\t\t<\/div>\n\t\t\t\t<\/div>\n\t\t\t\t<div class=\"elementor-element elementor-element-e102675 elementor-widget elementor-widget-text-editor\" data-id=\"e102675\" data-element_type=\"widget\" data-e-type=\"widget\" data-widget_type=\"text-editor.default\">\n\t\t\t\t<div class=\"elementor-widget-container\">\n\t\t\t\t\t\t\t\t\t<h2><strong>SAP BUSINESS ONE LUMIRA<\/strong><\/h2><p>D\u00e9 vida a sus datos e informaci\u00f3n estrat\u00e9gica con business intelligence (BI) de SAP Lumira, nuestro software de visualizaci\u00f3n de datos que facilita la creaci\u00f3n de mapas, tablas e infograf\u00edas atractivas e interactivas. Importe datos de Excel y otras fuentes, realice an\u00e1lisis visuales de BI utilizando tableros de control intuitivos y comparta informaci\u00f3n estrat\u00e9gica e historias de datos de manera segura con su equipo.<\/p><ul><li>Herramienta para representar datos de forma gr\u00e1fica.<\/li><li>Permite conectarse a diversas fuentes de informaci\u00f3n (SAP HANA, SQL, Excel, etc.).<\/li><li>Entrega informaci\u00f3n en forma did\u00e1ctica y f\u00e1cil de entender<\/li><li>Permite enriquecer, calcular y editar informaci\u00f3n.<\/li><li>Permite compartir los datos o las visualizaciones (representaciones gr\u00e1ficas de los datos).<\/li><\/ul>\t\t\t\t\t\t\t\t<\/div>\n\t\t\t\t<\/div>\n\t\t\t\t<div class=\"elementor-element elementor-element-6730c60 elementor-widget elementor-widget-text-editor\" data-id=\"6730c60\" data-element_type=\"widget\" data-e-type=\"widget\" data-widget_type=\"text-editor.default\">\n\t\t\t\t<div class=\"elementor-widget-container\">\n\t\t\t\t\t\t\t\t\t<h2><strong>SAP BUSINESS ONE MOBILE<\/strong><\/h2><ul><li>Alertas<\/li><li>Informes<\/li><li>Socios de Negocios<\/li><li>Stocks<\/li><li>Lista de Precios<\/li><li>Oportunidades de Ventas<\/li><li>Pedido de Clientes<\/li><li>Oferta de Ventas<\/li><\/ul>\t\t\t\t\t\t\t\t<\/div>\n\t\t\t\t<\/div>\n\t\t\t\t<div class=\"elementor-element elementor-element-9d8ed09 e-transform elementor-widget-divider--view-line elementor-widget elementor-widget-divider\" data-id=\"9d8ed09\" data-element_type=\"widget\" data-e-type=\"widget\" data-settings=\"{&quot;_transform_rotateZ_effect&quot;:{&quot;unit&quot;:&quot;px&quot;,&quot;size&quot;:-90,&quot;sizes&quot;:[]},&quot;_transform_rotateZ_effect_tablet&quot;:{&quot;unit&quot;:&quot;deg&quot;,&quot;size&quot;:&quot;&quot;,&quot;sizes&quot;:[]},&quot;_transform_rotateZ_effect_mobile&quot;:{&quot;unit&quot;:&quot;deg&quot;,&quot;size&quot;:&quot;&quot;,&quot;sizes&quot;:[]}}\" data-widget_type=\"divider.default\">\n\t\t\t\t<div class=\"elementor-widget-container\">\n\t\t\t\t\t\t\t<div class=\"elementor-divider\">\n\t\t\t<span class=\"elementor-divider-separator\">\n\t\t\t\t\t\t<\/span>\n\t\t<\/div>\n\t\t\t\t\t\t<\/div>\n\t\t\t\t<\/div>\n\t\t\t\t<div class=\"elementor-element elementor-element-49f910e elementor-widget elementor-widget-text-editor\" data-id=\"49f910e\" data-element_type=\"widget\" data-e-type=\"widget\" data-widget_type=\"text-editor.default\">\n\t\t\t\t<div class=\"elementor-widget-container\">\n\t\t\t\t\t\t\t\t\t<h2>Preguntas frecuentes sobre <span style=\"color: #004dcc;\">soluciones ERP<\/span><\/h2>\t\t\t\t\t\t\t\t<\/div>\n\t\t\t\t<\/div>\n\t\t\t\t\t<\/div>\n\t\t\t\t<\/div>\n\t\t<div data-particle_enable=\"false\" data-particle-mobile-disabled=\"false\" class=\"elementor-element elementor-element-410ee2c2 e-flex e-con-boxed e-con e-parent\" data-id=\"410ee2c2\" data-element_type=\"container\" data-e-type=\"container\">\n\t\t\t\t\t<div class=\"e-con-inner\">\n\t\t\t\t<div class=\"elementor-element elementor-element-2ed3032e elementor-widget elementor-widget-n-accordion\" data-id=\"2ed3032e\" data-element_type=\"widget\" data-e-type=\"widget\" data-settings=\"{&quot;default_state&quot;:&quot;all_collapsed&quot;,&quot;max_items_expended&quot;:&quot;one&quot;,&quot;n_accordion_animation_duration&quot;:{&quot;unit&quot;:&quot;ms&quot;,&quot;size&quot;:400,&quot;sizes&quot;:[]}}\" data-widget_type=\"nested-accordion.default\">\n\t\t\t\t<div class=\"elementor-widget-container\">\n\t\t\t\t\t\t\t<div class=\"e-n-accordion\" aria-label=\"Accordion. Open links with Enter or Space, close with Escape, and navigate with Arrow Keys\">\n\t\t\t\t\t\t<details id=\"e-n-accordion-item-7850\" class=\"e-n-accordion-item\" >\n\t\t\t\t<summary class=\"e-n-accordion-item-title\" data-accordion-index=\"1\" tabindex=\"0\" aria-expanded=\"false\" aria-controls=\"e-n-accordion-item-7850\" >\n\t\t\t\t\t<span class='e-n-accordion-item-title-header'><div class=\"e-n-accordion-item-title-text\"> \u00bfQu\u00e9 es SAP Business One? <\/div><\/span>\n\t\t\t\t\t\t\t\t\t<\/summary>\n\t\t\t\t<div data-particle_enable=\"false\" data-particle-mobile-disabled=\"false\" role=\"region\" aria-labelledby=\"e-n-accordion-item-7850\" class=\"elementor-element elementor-element-3da5c4be e-con-full e-flex e-con e-child\" data-id=\"3da5c4be\" data-element_type=\"container\" data-e-type=\"container\">\n\t\t<div data-particle_enable=\"false\" data-particle-mobile-disabled=\"false\" role=\"region\" aria-labelledby=\"e-n-accordion-item-7850\" class=\"elementor-element elementor-element-53c3e638 e-flex e-con-boxed e-con e-child\" data-id=\"53c3e638\" data-element_type=\"container\" data-e-type=\"container\">\n\t\t\t\t\t<div class=\"e-con-inner\">\n\t\t\t\t<div class=\"elementor-element elementor-element-2868692d elementor-widget elementor-widget-text-editor\" data-id=\"2868692d\" data-element_type=\"widget\" data-e-type=\"widget\" data-widget_type=\"text-editor.default\">\n\t\t\t\t<div class=\"elementor-widget-container\">\n\t\t\t\t\t\t\t\t\t<p>SAP Business One es un sistema de planificaci\u00f3n de recursos empresariales (ERP) dise\u00f1ado espec\u00edficamente para peque\u00f1as y medianas empresas. Integra todas las \u00e1reas de operaci\u00f3n, incluyendo finanzas, ventas, compras, inventario y gesti\u00f3n de relaciones con clientes, en una \u00fanica plataforma para optimizar la eficiencia y la toma de decisiones.<\/p><p><strong>\u00bfQu\u00e9 funcionalidades ofrece SAP Business One?<\/strong><\/p><p><u>SAP Business One incluye m\u00f3dulos para:<\/u><\/p><ul><li><u>Finanzas y contabilidad<\/u><\/li><li><u>Gesti\u00f3n de inventarios<\/u><\/li><li><u>Ventas y CRM<\/u><\/li><li><u>Compras<\/u><\/li><li><u>Producci\u00f3n<\/u><\/li><li><u>Informes y an\u00e1lisis<\/u><\/li><li><u>Movilidad<\/u><\/li><\/ul>\t\t\t\t\t\t\t\t<\/div>\n\t\t\t\t<\/div>\n\t\t\t\t\t<\/div>\n\t\t\t\t<\/div>\n\t\t\t\t<\/div>\n\t\t\t\t\t<\/details>\n\t\t\t\t\t\t<details id=\"e-n-accordion-item-7851\" class=\"e-n-accordion-item\" >\n\t\t\t\t<summary class=\"e-n-accordion-item-title\" data-accordion-index=\"2\" tabindex=\"-1\" aria-expanded=\"false\" aria-controls=\"e-n-accordion-item-7851\" >\n\t\t\t\t\t<span class='e-n-accordion-item-title-header'><div class=\"e-n-accordion-item-title-text\"> \u00bfEs posible personalizar SAP Business One seg\u00fan las necesidades de mi empresa? <\/div><\/span>\n\t\t\t\t\t\t\t\t\t<\/summary>\n\t\t\t\t<div data-particle_enable=\"false\" data-particle-mobile-disabled=\"false\" role=\"region\" aria-labelledby=\"e-n-accordion-item-7851\" class=\"elementor-element elementor-element-630078b4 e-con-full e-flex e-con e-child\" data-id=\"630078b4\" data-element_type=\"container\" data-e-type=\"container\">\n\t\t<div data-particle_enable=\"false\" data-particle-mobile-disabled=\"false\" role=\"region\" aria-labelledby=\"e-n-accordion-item-7851\" class=\"elementor-element elementor-element-98513fa e-flex e-con-boxed e-con e-child\" data-id=\"98513fa\" data-element_type=\"container\" data-e-type=\"container\">\n\t\t\t\t\t<div class=\"e-con-inner\">\n\t\t\t\t<div class=\"elementor-element elementor-element-7a0f80cd elementor-widget elementor-widget-text-editor\" data-id=\"7a0f80cd\" data-element_type=\"widget\" data-e-type=\"widget\" data-widget_type=\"text-editor.default\">\n\t\t\t\t<div class=\"elementor-widget-container\">\n\t\t\t\t\t\t\t\t\t<p>S\u00ed, SAP Business One es altamente personalizable. Puedes ajustar m\u00f3dulos, crear informes espec\u00edficos y desarrollar <em>complementos<\/em> para satisfacer los requisitos \u00fanicos de tu negocio.<\/p>\t\t\t\t\t\t\t\t<\/div>\n\t\t\t\t<\/div>\n\t\t\t\t\t<\/div>\n\t\t\t\t<\/div>\n\t\t\t\t<\/div>\n\t\t\t\t\t<\/details>\n\t\t\t\t\t\t<details id=\"e-n-accordion-item-7852\" class=\"e-n-accordion-item\" >\n\t\t\t\t<summary class=\"e-n-accordion-item-title\" data-accordion-index=\"3\" tabindex=\"-1\" aria-expanded=\"false\" aria-controls=\"e-n-accordion-item-7852\" >\n\t\t\t\t\t<span class='e-n-accordion-item-title-header'><div class=\"e-n-accordion-item-title-text\"> \u00bfCu\u00e1nto tiempo tomar\u00e1 implementar SAP Business One? <\/div><\/span>\n\t\t\t\t\t\t\t\t\t<\/summary>\n\t\t\t\t<div data-particle_enable=\"false\" data-particle-mobile-disabled=\"false\" role=\"region\" aria-labelledby=\"e-n-accordion-item-7852\" class=\"elementor-element elementor-element-46aaaa15 e-con-full e-flex e-con e-child\" data-id=\"46aaaa15\" data-element_type=\"container\" data-e-type=\"container\">\n\t\t<div data-particle_enable=\"false\" data-particle-mobile-disabled=\"false\" role=\"region\" aria-labelledby=\"e-n-accordion-item-7852\" class=\"elementor-element elementor-element-6f355872 e-flex e-con-boxed e-con e-child\" data-id=\"6f355872\" data-element_type=\"container\" data-e-type=\"container\">\n\t\t\t\t\t<div class=\"e-con-inner\">\n\t\t\t\t<div class=\"elementor-element elementor-element-7035fa51 elementor-widget elementor-widget-text-editor\" data-id=\"7035fa51\" data-element_type=\"widget\" data-e-type=\"widget\" data-widget_type=\"text-editor.default\">\n\t\t\t\t<div class=\"elementor-widget-container\">\n\t\t\t\t\t\t\t\t\t<p>El tiempo de implementaci\u00f3n var\u00eda seg\u00fan la industria del proyecto y el tama\u00f1o de la empresa, pero generalmente puede tomar entre 6 a 9 meses.<\/p>\t\t\t\t\t\t\t\t<\/div>\n\t\t\t\t<\/div>\n\t\t\t\t\t<\/div>\n\t\t\t\t<\/div>\n\t\t\t\t<\/div>\n\t\t\t\t\t<\/details>\n\t\t\t\t\t<\/div>\n\t\t\t\t\t\t<\/div>\n\t\t\t\t<\/div>\n\t\t\t\t\t<\/div>\n\t\t\t\t<\/div>\n\t\t<div data-particle_enable=\"false\" data-particle-mobile-disabled=\"false\" class=\"elementor-element elementor-element-a91b962 e-flex e-con-boxed e-con e-parent\" data-id=\"a91b962\" data-element_type=\"container\" data-e-type=\"container\">\n\t\t\t\t\t<div class=\"e-con-inner\">\n\t\t\t\t<div class=\"elementor-element elementor-element-43ff4c1 elementor-widget elementor-widget-spacer\" data-id=\"43ff4c1\" data-element_type=\"widget\" data-e-type=\"widget\" data-widget_type=\"spacer.default\">\n\t\t\t\t<div class=\"elementor-widget-container\">\n\t\t\t\t\t\t\t<div class=\"elementor-spacer\">\n\t\t\t<div class=\"elementor-spacer-inner\"><\/div>\n\t\t<\/div>\n\t\t\t\t\t\t<\/div>\n\t\t\t\t<\/div>\n\t\t\t\t\t<\/div>\n\t\t\t\t<\/div>\n\t\t\t\t<\/div>\n\t\t","protected":false},"excerpt":{"rendered":"<p>Soluciones ERP para empresas SAP BUSINESS ONE Integra todas las funciones de su empresa en una soluci\u00f3n: gesti\u00f3n financiera, ventas, gesti\u00f3n de las relaciones con los clientes, e-commerce, gesti\u00f3n de inventarios y operaciones. A diferencia de otras opciones disponibles en el mercado, SAP Business One es una soluci\u00f3n ERP integral que elimina la necesidad de [&hellip;]<\/p>\n","protected":false},"author":1,"featured_media":0,"parent":0,"menu_order":0,"comment_status":"closed","ping_status":"closed","template":"","meta":{"site-sidebar-layout":"no-sidebar","site-content-layout":"page-builder","ast-site-content-layout":"full-width-container","site-content-style":"default","site-sidebar-style":"default","ast-global-header-display":"","ast-banner-title-visibility":"","ast-main-header-display":"","ast-hfb-above-header-display":"","ast-hfb-below-header-display":"","ast-hfb-mobile-header-display":"","site-post-title":"disabled","ast-breadcrumbs-content":"","ast-featured-img":"disabled","footer-sml-layout":"","ast-disable-related-posts":"","theme-transparent-header-meta":"default","adv-header-id-meta":"","stick-header-meta":"","header-above-stick-meta":"","header-main-stick-meta":"","header-below-stick-meta":"","astra-migrate-meta-layouts":"set","ast-page-background-enabled":"default","ast-page-background-meta":{"desktop":{"background-color":"var(--ast-global-color-5)","background-image":"","background-repeat":"repeat","background-position":"center center","background-size":"auto","background-attachment":"scroll","background-type":"","background-media":"","overlay-type":"","overlay-color":"","overlay-opacity":"","overlay-gradient":""},"tablet":{"background-color":"","background-image":"","background-repeat":"repeat","background-position":"center center","background-size":"auto","background-attachment":"scroll","background-type":"","background-media":"","overlay-type":"","overlay-color":"","overlay-opacity":"","overlay-gradient":""},"mobile":{"background-color":"","background-image":"","background-repeat":"repeat","background-position":"center center","background-size":"auto","background-attachment":"scroll","background-type":"","background-media":"","overlay-type":"","overlay-color":"","overlay-opacity":"","overlay-gradient":""}},"ast-content-background-meta":{"desktop":{"background-color":"var(--ast-global-color-4)","background-image":"","background-repeat":"repeat","background-position":"center center","background-size":"auto","background-attachment":"scroll","background-type":"","background-media":"","overlay-type":"","overlay-color":"","overlay-opacity":"","overlay-gradient":""},"tablet":{"background-color":"var(--ast-global-color-4)","background-image":"","background-repeat":"repeat","background-position":"center center","background-size":"auto","background-attachment":"scroll","background-type":"","background-media":"","overlay-type":"","overlay-color":"","overlay-opacity":"","overlay-gradient":""},"mobile":{"background-color":"var(--ast-global-color-4)","background-image":"","background-repeat":"repeat","background-position":"center center","background-size":"auto","background-attachment":"scroll","background-type":"","background-media":"","overlay-type":"","overlay-color":"","overlay-opacity":"","overlay-gradient":""}},"footnotes":""},"class_list":["post-2024","page","type-page","status-publish","hentry"],"_links":{"self":[{"href":"https:\/\/aws-server.site\/exxis\/wp-json\/wp\/v2\/pages\/2024","targetHints":{"allow":["GET"]}}],"collection":[{"href":"https:\/\/aws-server.site\/exxis\/wp-json\/wp\/v2\/pages"}],"about":[{"href":"https:\/\/aws-server.site\/exxis\/wp-json\/wp\/v2\/types\/page"}],"author":[{"embeddable":true,"href":"https:\/\/aws-server.site\/exxis\/wp-json\/wp\/v2\/users\/1"}],"replies":[{"embeddable":true,"href":"https:\/\/aws-server.site\/exxis\/wp-json\/wp\/v2\/comments?post=2024"}],"version-history":[{"count":206,"href":"https:\/\/aws-server.site\/exxis\/wp-json\/wp\/v2\/pages\/2024\/revisions"}],"predecessor-version":[{"id":6271,"href":"https:\/\/aws-server.site\/exxis\/wp-json\/wp\/v2\/pages\/2024\/revisions\/6271"}],"wp:attachment":[{"href":"https:\/\/aws-server.site\/exxis\/wp-json\/wp\/v2\/media?parent=2024"}],"curies":[{"name":"wp","href":"https:\/\/api.w.org\/{rel}","templated":true}]}}